{"id":12503,"date":"2019-10-23T18:15:57","date_gmt":"2019-10-23T21:15:57","guid":{"rendered":"https:\/\/buenosairestouring.com\/?page_id=12503"},"modified":"2021-08-18T10:28:42","modified_gmt":"2021-08-18T13:28:42","slug":"ueber-uns","status":"publish","type":"page","link":"https:\/\/buenosairestouring.com\/de\/ueber-uns\/","title":{"rendered":"\u00dcBER UNS"},"content":{"rendered":"<div class=\"wpb-content-wrapper\"><p>[vc_row][vc_column offset=&#8220;vc_hidden-xs&#8220;][vc_empty_space height=&#8220;150px&#8220;][\/vc_column][\/vc_row][vc_row][vc_column width=&#8220;1\/2&#8243; offset=&#8220;vc_hidden-xs&#8220;][vc_column_text el_class=&#8220;st-aboutus-title&#8220;]<\/p>\n<h3 style=\"text-align: center;\"><span style=\"font-size: 18px; background-color: #cccccc; border: 2px solid #66182a; border-radius: 10px; padding: 7px;\">Unsere Geschichte<\/span><\/h3>\n<p>[\/vc_column_text][vc_empty_space height=&#8220;15px&#8220;][vc_column_text el_class=&#8220;st-aboutus-content&#8220;]<\/p>\n<p style=\"text-align: center; font-size: 18px;\">Buenos Aires Touring ist ein Familienunternehmen, das alle Transport- und Individualreisen anbietet, die Sie w\u00e4hrend Ihres Aufenthalts in Buenos Aires ben\u00f6tigen.Seit 2007 sind wir bestrebt, den Besuchern in Buenos Aires einen wirklichen mehrsprachigen, p\u00fcnktlichen und flexiblen 24-Stunden-Service anzubieten.<\/p>\n<p>[\/vc_column_text][vc_empty_space height=&#8220;30px&#8220;][\/vc_column][vc_column width=&#8220;1\/2&#8243; offset=&#8220;vc_hidden-xs&#8220;][vc_column_text el_class=&#8220;st-aboutus-title&#8220;]<\/p>\n<h3 style=\"text-align: center;\"><span style=\"font-size: 18px; background-color: #cccccc; border: 2px solid #66182a; border-radius: 10px; padding: 7px;\">Unsere Mission<\/span><\/h3>\n<p>[\/vc_column_text][vc_empty_space height=&#8220;15px&#8220;][vc_column_text el_class=&#8220;st-aboutus-content&#8220;]<\/p>\n<p style=\"text-align: center; font-size: 18px;\">Wir k\u00fcmmern uns um Gruppen aller Gr\u00f6\u00dfen, von 1 Person bis zu einem vollen Trainer!<br \/>\nWir haben langj\u00e4hrige Erfahrung mit Transfers und Stadtrundfahrten und sind oft die erste Wahl f\u00fcr viele Reisende, die absolute Flexibilit\u00e4t suchen.<\/p>\n<p>[\/vc_column_text][vc_empty_space height=&#8220;30px&#8220;][\/vc_column][\/vc_row][vc_row][vc_column offset=&#8220;vc_hidden-xs&#8220;][vc_empty_space height=&#8220;40px&#8220;][vc_column_text el_class=&#8220;st-aboutus-title&#8220;]<\/p>\n<p style=\"text-align: center;\"><span style=\"font-size: 24px; font-weight: bold; border: 2px solid #66182a; border-radius: 7px; padding: 7px; background-color: #cccccc;\">SIE K\u00d6NNEN UNS VERTRAUEN!<\/span><\/p>\n<p>[\/vc_column_text][vc_empty_space height=&#8220;40px&#8220;][\/vc_column][\/vc_row][vc_row][vc_column offset=&#8220;vc_hidden-lg vc_hidden-md vc_hidden-sm&#8220;][vc_empty_space height=&#8220;40px&#8220;][vc_column_text el_class=&#8220;st-aboutus-title&#8220;]<\/p>\n<p style=\"text-align: center; font-size: 18px; border: 2px solid #66182a; border-radius: 7px; padding: 7px; background-color: #cccccc; font-weight: bold;\"><strong>SIE K\u00d6NNEN UNS VERTRAUEN!<\/strong><\/p>\n<p>[\/vc_column_text][vc_empty_space height=&#8220;40px&#8220;][\/vc_column][\/vc_row][vc_row][vc_column offset=&#8220;vc_hidden-lg vc_hidden-md vc_hidden-sm&#8220;][\/vc_column][\/vc_row][vc_row][vc_column width=&#8220;1\/2&#8243; offset=&#8220;vc_hidden-lg vc_hidden-md vc_hidden-sm&#8220;][vc_column_text el_class=&#8220;st-aboutus-title&#8220;]<\/p>\n<h3><span style=\"font-size: 18px; background-color: #cccccc; border: 2px solid #66182a; border-radius: 10px; padding: 7px;\">Unsere Geschichte<\/span><\/h3>\n<p>[\/vc_column_text][vc_empty_space height=&#8220;15px&#8220;][vc_column_text el_class=&#8220;st-aboutus-content&#8220;]<\/p>\n<p style=\"font-size: 14px; color: #66182a;\">Buenos Aires Touring ist ein Familienunternehmen, das alle Transport- und Individualreisen anbietet, die Sie w\u00e4hrend Ihres Aufenthalts in Buenos Aires ben\u00f6tigen.Seit 2007 sind wir bestrebt, den Besuchern in Buenos Aires einen wirklichen mehrsprachigen, p\u00fcnktlichen und flexiblen 24-Stunden-Service anzubieten.<\/p>\n<p>[\/vc_column_text][\/vc_column][vc_column width=&#8220;1\/2&#8243; offset=&#8220;vc_hidden-lg vc_hidden-md vc_hidden-sm&#8220;][vc_empty_space height=&#8220;20px&#8220;][vc_separator color=&#8220;white&#8220; style=&#8220;shadow&#8220; border_width=&#8220;3&#8243; el_width=&#8220;60&#8243;][vc_empty_space height=&#8220;50px&#8220;][vc_column_text el_class=&#8220;st-aboutus-title&#8220;]<\/p>\n<h3><span style=\"font-size: 18px; background-color: #cccccc; border: 2px solid #66182a; border-radius: 10px; padding: 7px;\">Unsere Mission<\/span><\/h3>\n<p>[\/vc_column_text][vc_empty_space height=&#8220;15px&#8220;][vc_column_text el_class=&#8220;st-aboutus-content&#8220;]<\/p>\n<p style=\"font-size: 14px; color: #66182a;\">Wir k\u00fcmmern uns um Gruppen aller Gr\u00f6\u00dfen, von 1 Person bis zu einem vollen Trainer!<br \/>\nWir haben langj\u00e4hrige Erfahrung mit Transfers und Stadtrundfahrten und sind oft die erste Wahl f\u00fcr viele Reisende, die absolute Flexibilit\u00e4t suchen. Die erste Wahl f\u00fcr viele Reisende, d<\/p>\n<p>[\/vc_column_text][vc_empty_space height=&#8220;30px&#8220;][\/vc_column][\/vc_row][vc_row][vc_column offset=&#8220;vc_hidden-lg vc_hidden-md vc_hidden-sm&#8220;][vc_column_text]<\/p>\n<p style=\"text-align: center; font-size: 18px; font-weight: bold; border: 2px solid #66182a; border-radius: 7px; padding: 7px; background-color: #cccccc;\">SIE K\u00d6NNEN UNS VERTRAUEN!<\/p>\n<p>[\/vc_column_text][\/vc_column][\/vc_row][vc_row][vc_column][vc_empty_space height=&#8220;20px&#8220;][vc_empty_space height=&#8220;20px&#8220;][\/vc_column][\/vc_row][vc_row full_width=&#8220;stretch_row_content&#8220; bg_video=&#8220;yes&#8220;][vc_column]<div class=\"st-list-statistic\"><div class=\"row\">            <div class=\"col-md-3 col-sm-6\">\n                <div class=\"item-wrapper\">\n                    <div class=\"item\">\n                        <div class=\"front\">\n                            <div class=\"inner\">\n                                <h4>500+<\/h4>\n                                <p class=\"sub-text\">Abgeschlossene Touren<\/p>\n                            <\/div>\n                        <\/div>\n                        <div class=\"end\">\n                            <p class=\"desc\">Wir m\u00f6chten sicherstellen, dass Sie den Service erhalten, den Sie verdienen und dass Sie sich an Ihren kurzen Aufenthalt in Buenos Aires erinnern werden. Kunden mit besonderen Bed\u00fcrfnissen sind willkommen.<\/p>\n                        <\/div>\n                    <\/div>\n                <\/div>\n            <\/div>\n                        <div class=\"col-md-3 col-sm-6\">\n                <div class=\"item-wrapper\">\n                    <div class=\"item\">\n                        <div class=\"front\">\n                            <div class=\"inner\">\n                                <h4>1000+<\/h4>\n                                <p class=\"sub-text\">Transfers<\/p>\n                            <\/div>\n                        <\/div>\n                        <div class=\"end\">\n                            <p class=\"desc\">Mit unseren registrierten Fahrern und vollversicherten Fahrzeugen bieten wir P\u00fcnktlichkeit, Flexibilit\u00e4t und pers\u00f6nliche Betreuung.\nf\u00fcr alle Ziele: \n* FLUGH\u00c4FEN\n* KREUZFAHRTSCHIFFE\n* HOTELS\n* WOHNUNGEN\n* F\u00c4HRTERMINAL\n<\/p>\n                        <\/div>\n                    <\/div>\n                <\/div>\n            <\/div>\n                        <div class=\"col-md-3 col-sm-6\">\n                <div class=\"item-wrapper\">\n                    <div class=\"item\">\n                        <div class=\"front\">\n                            <div class=\"inner\">\n                                <h4>10+<\/h4>\n                                <p class=\"sub-text\">TOP GUIDES<\/p>\n                            <\/div>\n                        <\/div>\n                        <div class=\"end\">\n                            <p class=\"desc\">Alle Reiseleiter sind vollst\u00e4ndig zweisprachig und von der Stadt Buenos Aires registriert.\nWenn Sie spezielle Interessen haben, k\u00f6nnen wir auf Anfrage spezielle Reiseleiter zur Verf\u00fcgung stellen,\nKonsultieren Sie uns <\/p>\n                        <\/div>\n                    <\/div>\n                <\/div>\n            <\/div>\n                        <div class=\"col-md-3 col-sm-6\">\n                <div class=\"item-wrapper\">\n                    <div class=\"item\">\n                        <div class=\"front\">\n                            <div class=\"inner\">\n                                <h4>500+<\/h4>\n                                <p class=\"sub-text\">Zufriedene Kunden<\/p>\n                            <\/div>\n                        <\/div>\n                        <div class=\"end\">\n                            <p class=\"desc\">Wir kaufen nie Anzeigen. Kommentare, die weltweit ver\u00f6ffentlicht werden, sind unsere st\u00e4rksten Marketinginstrumente. \u00dcberpr\u00fcfen Sie die Erfahrungen anderer Reisender auf unserer Seite &quot;Trip Advisor&quot;.  <\/p>\n                        <\/div>\n                    <\/div>\n                <\/div>\n            <\/div>\n            <\/div><\/div>[vc_empty_space height=&#8220;65px&#8220;]<div class=\"st-aboutus-info\">\n        <p class=\"message\">\"Nach Jahren der Reise in Dutzenden von L\u00e4ndern mit allen Verkehrsmitteln und der \u00dcberquerung der Ozeane verstehen wir die Bed\u00fcrfnisse der Kunden, die ihren kurzen Aufenthalt in jeder Stadt zur unvergesslichsten machen wollen.\"<\/p>\n                <\/div>[vc_empty_space height=&#8220;20px&#8220;][\/vc_column][\/vc_row][vc_row css=&#8220;.vc_custom_1556629137840{margin-bottom: -100px !important;}&#8220;][vc_column width=&#8220;1\/3&#8243;][\/vc_column][vc_column width=&#8220;1\/3&#8243;][vc_cta h2=&#8220;ANMELDEN UNSER TEAM&#8220; txt_align=&#8220;center&#8220; shape=&#8220;square&#8220; add_button=&#8220;bottom&#8220; btn_title=&#8220;JETZT ANWENDEN&#8220; btn_style=&#8220;3d&#8220; btn_shape=&#8220;square&#8220; btn_color=&#8220;warning&#8220; btn_align=&#8220;center&#8220; btn_css_animation=&#8220;bounceIn&#8220; btn_link=&#8220;url:https%3A%2F%2Fbuenosairestouring.com%2Fde%2Fkontakt%2F||target:%20_blank|&#8220;]Und seien Sie Teil eines langfristigen Abenteuers![\/vc_cta][vc_empty_space][\/vc_column][vc_column width=&#8220;1\/3&#8243;][\/vc_column][\/vc_row][vc_row full_width=&#8220;stretch_row_content&#8220;][vc_column width=&#8220;1\/4&#8243;][\/vc_column][vc_column width=&#8220;1\/4&#8243;][vc_single_image image=&#8220;13382&#8243; img_size=&#8220;medium&#8220; alignment=&#8220;center&#8220;][\/vc_column][vc_column width=&#8220;1\/4&#8243;][vc_single_image image=&#8220;15686&#8243; img_size=&#8220;medium&#8220; alignment=&#8220;center&#8220;][\/vc_column][vc_column width=&#8220;1\/4&#8243;][\/vc_column][\/vc_row][vc_row][vc_column offset=&#8220;vc_hidden-lg vc_hidden-md vc_hidden-sm&#8220;][vc_column_text]<\/p>\n<p>[\/vc_column_text][vc_empty_space][\/vc_column][\/vc_row]<\/p>\n<\/div>","protected":false},"excerpt":{"rendered":"<p>[vc_row][vc_column offset=&#8220;vc_hidden-xs&#8220;][vc_empty_space height=&#8220;150px&#8220;][\/vc_column][\/vc_row][vc_row][vc_column width=&#8220;1\/2&#8243; offset=&#8220;vc_hidden-xs&#8220;][vc_column_text el_class=&#8220;st-aboutus-title&#8220;] Unsere Geschichte [\/vc_column_text][vc_empty_space height=&#8220;15px&#8220;][vc_column_text el_class=&#8220;st-aboutus-content&#8220;] Buenos Aires Touring ist ein Familienunternehmen, das alle Transport- und Individualreisen anbietet, die Sie w\u00e4hrend Ihres Aufenthalts in Buenos Aires ben\u00f6tigen.Seit 2007 sind wir bestrebt, den Besuchern in Buenos Aires einen wirklichen mehrsprachigen, p\u00fcnktlichen und flexiblen 24-Stunden-Service anzubieten. [\/vc_column_text][vc_empty_space height=&#8220;30px&#8220;][\/vc_column][vc_column width=&#8220;1\/2&#8243; offset=&#8220;vc_hidden-xs&#8220;][vc_column_text el_class=&#8220;st-aboutus-title&#8220;] Unsere [&hellip;]<\/p>\n","protected":false},"author":1,"featured_media":10220,"parent":0,"menu_order":0,"comment_status":"closed","ping_status":"closed","template":"template-home-modern.php","meta":{"_acf_changed":false,"_uf_show_specific_survey":0,"_uf_disable_surveys":false,"footnotes":""},"class_list":["post-12503","page","type-page","status-publish","has-post-thumbnail","hentry"],"acf":[],"amp_enabled":false,"_links":{"self":[{"href":"https:\/\/buenosairestouring.com\/de\/wp-json\/wp\/v2\/pages\/12503","targetHints":{"allow":["GET"]}}],"collection":[{"href":"https:\/\/buenosairestouring.com\/de\/wp-json\/wp\/v2\/pages"}],"about":[{"href":"https:\/\/buenosairestouring.com\/de\/wp-json\/wp\/v2\/types\/page"}],"author":[{"embeddable":true,"href":"https:\/\/buenosairestouring.com\/de\/wp-json\/wp\/v2\/users\/1"}],"replies":[{"embeddable":true,"href":"https:\/\/buenosairestouring.com\/de\/wp-json\/wp\/v2\/comments?post=12503"}],"version-history":[{"count":22,"href":"https:\/\/buenosairestouring.com\/de\/wp-json\/wp\/v2\/pages\/12503\/revisions"}],"predecessor-version":[{"id":18256,"href":"https:\/\/buenosairestouring.com\/de\/wp-json\/wp\/v2\/pages\/12503\/revisions\/18256"}],"wp:featuredmedia":[{"embeddable":true,"href":"https:\/\/buenosairestouring.com\/de\/wp-json\/wp\/v2\/media\/10220"}],"wp:attachment":[{"href":"https:\/\/buenosairestouring.com\/de\/wp-json\/wp\/v2\/media?parent=12503"}],"curies":[{"name":"wp","href":"https:\/\/api.w.org\/{rel}","templated":true}]}}