{"id":11921,"date":"2019-09-29T07:02:36","date_gmt":"2019-09-29T10:02:36","guid":{"rendered":"https:\/\/buenosairestouring.com\/?page_id=11921"},"modified":"2026-04-14T10:50:22","modified_gmt":"2026-04-14T13:50:22","slug":"nosotros","status":"publish","type":"page","link":"https:\/\/buenosairestouring.com\/es\/nosotros\/","title":{"rendered":"NOSOTROS"},"content":{"rendered":"<div class=\"wpb-content-wrapper\"><p>[vc_row][vc_column][vc_empty_space height=\u00bb60px\u00bb][\/vc_column][\/vc_row][vc_row][vc_column width=\u00bb1\/2&#8243;][vc_column_text el_class=\u00bbst-aboutus-title\u00bb]<\/p>\n<h3><span style=\"font-size: 18px; background-color: #cccccc; border: 2px solid #66182a; border-radius: 10px; padding: 7px;\">Nuestra historia<\/span><\/h3>\n<p>[\/vc_column_text][vc_empty_space height=\u00bb20px\u00bb][vc_column_text el_class=\u00bbst-aboutus-content\u00bb]<\/p>\n<p style=\"font-size: 15px; font-weight: bold; color: #66182a;\">Buenos Aires Touring es una empresa familiar que ofrece todos los transportes y tours personalizados que pueda necesitar durante su estad\u00eda en Buenos Aires.<br \/>\nDesde 2007 nos dedicamos a ofrecer a los visitantes de Buenos Aires un servicio 24 horas verdaderamente multiling\u00fce, puntual y flexible.<\/p>\n<p>[\/vc_column_text][vc_empty_space height=\u00bb30px\u00bb][\/vc_column][vc_column width=\u00bb1\/2&#8243;][vc_column_text el_class=\u00bbst-aboutus-title\u00bb]<\/p>\n<h3><span style=\"font-size: 18px; background-color: #cccccc; border: 2px solid #66182a; border-radius: 10px; padding: 7px;\">Nuestra misi\u00f3n<\/span><\/h3>\n<p>[\/vc_column_text][vc_empty_space height=\u00bb20px\u00bb][vc_column_text el_class=\u00bbst-aboutus-content\u00bb]<\/p>\n<p style=\"font-size: 15px; font-weight: bold; color: #66182a;\">Atendemos grupos de todos los tama\u00f1os, desde 1 persona hasta un entrenador completo.<br \/>\nTenemos una larga experiencia en traslados y recorridos por la ciudad y, a menudo, somos la primera opci\u00f3n para muchos viajeros que buscan flexibilidad total.<\/p>\n<p>[\/vc_column_text][vc_empty_space height=\u00bb30px\u00bb][\/vc_column][\/vc_row][vc_row][vc_column][vc_column_text][\/vc_column_text][vc_column_text]<\/p>\n<p style=\"text-align: center;\"><span style=\"font-size: 16px; font-weight: bold; background-color: #cccccc; color: #66182a; text-align: center; border: 2px solid #66182a; border-radius: 10px; padding: 7px;\">\u00a1PUEDES CONFIAR EN NOSOTROS!<\/span><\/p>\n<p>[\/vc_column_text][vc_empty_space height=\u00bb40px\u00bb][\/vc_column][\/vc_row][vc_row][vc_column][vc_empty_space height=\u00bb20px\u00bb][\/vc_column][\/vc_row][vc_row full_width=\u00bbstretch_row_content_no_spaces\u00bb row_fullwidth=\u00bbyes\u00bb][vc_column css=\u00bb.vc_custom_1776174501316{padding-right: 0px !important;padding-left: 0px !important;}\u00bb offset=\u00bbvc_hidden-lg\u00bb]<div class=\"st-list-statistic\"><div class=\"row\">            <div class=\"col-md-3 col-sm-6\">\n                <div class=\"item-wrapper\">\n                    <div class=\"item\">\n                        <div class=\"front\">\n                            <div class=\"inner\">\n                                <h4>500+<\/h4>\n                                <p class=\"sub-text\">Tours completados<\/p>\n                            <\/div>\n                        <\/div>\n                        <div class=\"end\">\n                            <p class=\"desc\">Queremos asegurarnos de que usted reciba el servicio que se merece y se lleve a casa los mejores recuerdos de su corta estad\u00eda en Buenos Aires. \nCon una reconocida logistica, atendemos a los clientes con necesidades especiales.<\/p>\n                        <\/div>\n                    <\/div>\n                <\/div>\n            <\/div>\n                        <div class=\"col-md-3 col-sm-6\">\n                <div class=\"item-wrapper\">\n                    <div class=\"item\">\n                        <div class=\"front\">\n                            <div class=\"inner\">\n                                <h4>1000+<\/h4>\n                                <p class=\"sub-text\">TRASLADOS<\/p>\n                            <\/div>\n                        <\/div>\n                        <div class=\"end\">\n                            <p class=\"desc\">Con nuestros conductores seleccionados, ofrecemos puntualidad, flexibilidad y atenci\u00f3n personalizada.\npara todos los destinos:\n \n* AEROPUERTOS\n* TERMINAL DE CRUCEROS\n* HOTELES\n* ALOJAMIENTOS\n* FERRIES\n<\/p>\n                        <\/div>\n                    <\/div>\n                <\/div>\n            <\/div>\n                        <div class=\"col-md-3 col-sm-6\">\n                <div class=\"item-wrapper\">\n                    <div class=\"item\">\n                        <div class=\"front\">\n                            <div class=\"inner\">\n                                <h4>10+<\/h4>\n                                <p class=\"sub-text\">TOP GUIDES<\/p>\n                            <\/div>\n                        <\/div>\n                        <div class=\"end\">\n                            <p class=\"desc\">Todos los gu\u00edas son biling\u00fces y est\u00e1n registrados en la Ciudad de Buenos Aires.\nPara los viajeros con intereses especiales, tambi\u00e9n ofrecemos gu\u00edas especializados a petici\u00f3n:\nArquitectura, Tango, Arte ....\nCons\u00faltenos <\/p>\n                        <\/div>\n                    <\/div>\n                <\/div>\n            <\/div>\n                        <div class=\"col-md-3 col-sm-6\">\n                <div class=\"item-wrapper\">\n                    <div class=\"item\">\n                        <div class=\"front\">\n                            <div class=\"inner\">\n                                <h4>500+<\/h4>\n                                <p class=\"sub-text\">CLIENTES FELICES<\/p>\n                            <\/div>\n                        <\/div>\n                        <div class=\"end\">\n                            <p class=\"desc\">No compramos publicidad.El boca a boca y los comentarios publicados son  nuestrs herramientas mas poderosas. Consulte la experiencia de otros viajeros en nuestra p\u00e1gina de Trip Advisor y vea c\u00f3mo operamos.<\/p>\n                        <\/div>\n                    <\/div>\n                <\/div>\n            <\/div>\n            <\/div><\/div>[vc_empty_space height=\u00bb65px\u00bb]<div class=\"st-aboutus-info\">\n        <p class=\"message\">\"Despu\u00e9s de a\u00f1os de viajar en docenas de pa\u00edses por todos los medios de transporte y cruce de oc\u00e9anos, comprendemos plenamente las necesidades de los clientes que desean que su corta estad\u00eda en cualquier ciudad sea la m\u00e1s memorable``.\"<\/p>\n        <img decoding=\"async\" src=\"https:\/\/buenosairestouring.com\/wp-content\/uploads\/2018\/12\/default_avatar.png\" alt=\"NOSOTROS\"\/>            <p class=\"name\">Patrick Lataillade<\/p>\n                <p class=\"pos\">FUNDADOR<\/p>\n    <\/div>[vc_empty_space][\/vc_column][\/vc_row][vc_row css=\u00bb.vc_custom_1556629137840{margin-bottom: -100px !important;}\u00bb][vc_column width=\u00bb1\/3&#8243;][vc_single_image image=\u00bb10999&#8243; alignment=\u00bbcenter\u00bb][\/vc_column][vc_column width=\u00bb1\/3&#8243;][vc_cta h2=\u00bbUNETE A NUESTRO EQUIPO\u00bb txt_align=\u00bbcenter\u00bb shape=\u00bbsquare\u00bb add_button=\u00bbbottom\u00bb btn_title=\u00bbAPPLY NOW\u00bb btn_style=\u00bb3d\u00bb btn_shape=\u00bbsquare\u00bb btn_color=\u00bbwarning\u00bb btn_align=\u00bbcenter\u00bb btn_css_animation=\u00bbbounceIn\u00bb btn_link=\u00bburl:https%3A%2F%2Fbuenosairestouring.com%2Findex.php%2Fcontact%2F||target:%20_blank|\u00bb]\u00a1Y s\u00e9 parte de una aventura a largo plazo![\/vc_cta][\/vc_column][vc_column width=\u00bb1\/3&#8243;][vc_single_image image=\u00bb15688&#8243; img_size=\u00bbmedium\u00bb alignment=\u00bbcenter\u00bb][\/vc_column][\/vc_row][vc_row full_width=\u00bbstretch_row_content\u00bb][vc_column width=\u00bb1\/3&#8243;][\/vc_column][vc_column width=\u00bb1\/3&#8243;][vc_empty_space height=\u00bb50px\u00bb][vc_raw_html]JTNDcCUzRSUzQ2ElMjBocmVmJTNEJTIyaHR0cHMlM0ElMkYlMkZ3d3cudHJpcGFkdmlzb3IuY29tJTJGQXR0cmFjdGlvbl9SZXZpZXctZzMxMjc0MS1kNjEwNTcyMS1SZXZpZXdzLUJ1ZW5vc19BaXJlc19Ub3VyaW5nLUJ1ZW5vc19BaXJlc19DYXBpdGFsX0ZlZGVyYWxfRGlzdHJpY3QuaHRtbCUyMiUzRSUzQ2lmcmFtZSUyMHNyYyUzRCUyMmh0dHBzJTNBJTJGJTJGd3d3LnRyaXBhZHZpc29yLmNvbSUyRldpZGdldEVtYmVkLWNkc3Byb3BlcnR5c3VtbWFyeSUzRmxvY2F0aW9uSWQlM0Q2MTA1NzIxJTI2YW1wJTNCcGFydG5lcklkJTNERDYyODJCMkY2QTUzNDYyNzk1NjE0RjlGQ0QwNjZCMjIlMjZhbXAlM0JkaXNwbGF5JTNEdHJ1ZSUyMiUyMHdpZHRoJTNEJTIyMTAwJTI1JTIyJTIwc3R5bGUlM0QlMjJoZWlnaHQlM0ElMjAzMDBweCUyMiUyMGZyYW1lYm9yZGVyJTNEJTIyMCUyMiUzRSUzQyUyRmlmcmFtZSUzRSUzQyUyRmElM0UlM0MlMkZwJTNF[\/vc_raw_html][\/vc_column][vc_column width=\u00bb1\/3&#8243;][\/vc_column][\/vc_row][vc_row][vc_column width=\u00bb1\/4&#8243;][\/vc_column][vc_column width=\u00bb1\/4&#8243;][\/vc_column][vc_column width=\u00bb1\/4&#8243;][vc_single_image image=\u00bb11097&#8243; alignment=\u00bbcenter\u00bb][\/vc_column][vc_column width=\u00bb1\/4&#8243;][\/vc_column][\/vc_row]<\/p>\n<\/div>","protected":false},"excerpt":{"rendered":"<p>[vc_row][vc_column][vc_empty_space height=\u00bb60px\u00bb][\/vc_column][\/vc_row][vc_row][vc_column width=\u00bb1\/2&#8243;][vc_column_text el_class=\u00bbst-aboutus-title\u00bb] Nuestra historia [\/vc_column_text][vc_empty_space height=\u00bb20px\u00bb][vc_column_text el_class=\u00bbst-aboutus-content\u00bb] Buenos Aires Touring es una empresa familiar que ofrece todos los transportes y tours personalizados que pueda necesitar durante su estad\u00eda en Buenos Aires. Desde 2007 nos dedicamos a ofrecer a los visitantes de Buenos Aires un servicio 24 horas verdaderamente multiling\u00fce, puntual y flexible. [\/vc_column_text][vc_empty_space [&hellip;]<\/p>\n","protected":false},"author":1,"featured_media":0,"parent":0,"menu_order":0,"comment_status":"closed","ping_status":"closed","template":"template-home-modern.php","meta":{"_acf_changed":false,"_uf_show_specific_survey":0,"_uf_disable_surveys":false,"footnotes":""},"class_list":["post-11921","page","type-page","status-publish","has-post-thumbnail","hentry"],"acf":[],"amp_enabled":false,"_links":{"self":[{"href":"https:\/\/buenosairestouring.com\/es\/wp-json\/wp\/v2\/pages\/11921","targetHints":{"allow":["GET"]}}],"collection":[{"href":"https:\/\/buenosairestouring.com\/es\/wp-json\/wp\/v2\/pages"}],"about":[{"href":"https:\/\/buenosairestouring.com\/es\/wp-json\/wp\/v2\/types\/page"}],"author":[{"embeddable":true,"href":"https:\/\/buenosairestouring.com\/es\/wp-json\/wp\/v2\/users\/1"}],"replies":[{"embeddable":true,"href":"https:\/\/buenosairestouring.com\/es\/wp-json\/wp\/v2\/comments?post=11921"}],"version-history":[{"count":2,"href":"https:\/\/buenosairestouring.com\/es\/wp-json\/wp\/v2\/pages\/11921\/revisions"}],"predecessor-version":[{"id":24088,"href":"https:\/\/buenosairestouring.com\/es\/wp-json\/wp\/v2\/pages\/11921\/revisions\/24088"}],"wp:attachment":[{"href":"https:\/\/buenosairestouring.com\/es\/wp-json\/wp\/v2\/media?parent=11921"}],"curies":[{"name":"wp","href":"https:\/\/api.w.org\/{rel}","templated":true}]}}