{"id":11946,"date":"2019-09-29T10:35:36","date_gmt":"2019-09-29T13:35:36","guid":{"rendered":"https:\/\/buenosairestouring.com\/?page_id=11946"},"modified":"2021-04-23T13:43:48","modified_gmt":"2021-04-23T16:43:48","slug":"agencias","status":"publish","type":"page","link":"https:\/\/buenosairestouring.com\/es\/agencias\/","title":{"rendered":"AGENCIAS"},"content":{"rendered":"<div class=\"wpb-content-wrapper\"><p>[vc_row][vc_column][vc_empty_space height=\u00bb70px\u00bb][\/vc_column][\/vc_row][vc_row][vc_column width=\u00bb1\/2&#8243; css=\u00bb.vc_custom_1558256008289{margin-bottom: 6px !important;}\u00bb][vc_empty_space height=\u00bb50px\u00bb][vc_column_text]<\/p>\n<p style=\"text-align: center;\"><span style=\"font-size: 15px; color: #66182a; font-weight: 400px; background-color: #cccccc; border: 2px solid #66182a; border-radius: 5px; padding: 5px;\">\u00a1BUENOS AIRES ES UN DESTINO UNICO EN AMERICA LATINA !<\/span><\/p>\n<p>[\/vc_column_text][vc_empty_space][\/vc_column][vc_column width=\u00bb1\/2&#8243;][vc_empty_space height=\u00bb50px\u00bb][vc_column_text]<\/p>\n<p style=\"text-align: center;\"><span style=\"font-size: 15px; color: #66182a; font-weight: 400px; background-color: #cccccc; border: 2px solid #66182a; border-radius: 5px; padding: 5px;\">EL TURISMO ARGENTINO DISFRUTA DE UN FUERTE CRECIMIENTO<\/span><\/p>\n<p>[\/vc_column_text][vc_empty_space][\/vc_column][\/vc_row][vc_row][vc_column width=\u00bb1\/2&#8243;][vc_column_text]<\/p>\n<ul>\n<li style=\"font-size: 15px; color: #66182a; font-weight: bold;\">Como agencia de viajes, tiene una gran oportunidad de tomar posiciones en Argentina, y recorridos por el mercado y traslados en Buenos Aires y el resto del pa\u00eds. Es el momento correcto.<\/li>\n<\/ul>\n<p>[\/vc_column_text][vc_empty_space height=\u00bb20px\u00bb][\/vc_column][vc_column width=\u00bb1\/2&#8243;][vc_column_text]<\/p>\n<ul>\n<li style=\"font-size: 15px; color: #66182a; font-weight: bold;\">Atendemos grupos de todos los tama\u00f1os, desde 1 persona hasta un autocar completo! Tenemos una larga experiencia en traslados y recorridos por la ciudad y, a menudo, somos la primera opci\u00f3n para muchos viajeros que buscan una flexibilidad total.<\/li>\n<\/ul>\n<p>[\/vc_column_text][\/vc_column][\/vc_row][vc_row][vc_column][vc_empty_space height=\u00bb40px\u00bb][\/vc_column][\/vc_row][vc_row][vc_column width=\u00bb1\/2&#8243;]    <div class=\"content-text padding-0 st-default\">\n        <div class=\"st-text-center\">\n            <h2 class=\"text-center   \">QUE PUEDE ESPERAR<\/h2>\n            <div class=\"box__separator  hidden-thumb \"><\/div>\n            <div class=\"text-center\">UN SISTEMA DE RESERVA COMPLETO DE GRADO SUPERIOR<\/p>\n<hr \/>\n<p>USTED HACE RESERVAS INSTANT\u00c1NEAS COMO AGENTE<\/p>\n<hr \/>\n<p>OBTENGA SU COMISI\u00d3N DE INMEDIATO<\/p>\n<hr \/>\n<p>RESPUESTA INMEDIATA 24\/7, TODO EL A\u00d1O<\/p>\n<hr \/>\n<p>PRECIOS DISE\u00d1ADOS PARA VENDER<\/p>\n<hr \/>\n<p>SITIO 100% PROTEGIDO SSL<\/p>\n<hr \/>\n<p><\/div>\n        <\/div>\n    <\/div>\n[\/vc_column][vc_column width=\u00bb1\/2&#8243;]    <div class=\"content-text padding-0 st-default\">\n        <div class=\"st-text-center\">\n            <h2 class=\"text-center   \">QUE PODEMOS OFRECER<\/h2>\n            <div class=\"box__separator  hidden-thumb \"><\/div>\n            <div class=\"text-center\">CITY TOURS Y SERVICIOS DE TRASLADO<\/p>\n<hr \/>\n<p>LOG\u00cdSTICA ALTAMENTE PROFESIONAL<\/p>\n<hr \/>\n<p>CONSISTENCIA Y FLEXIBILIDAD<\/p>\n<hr \/>\n<p>TOURS CL\u00c1SICOS O PERSONALIZADOS<\/p>\n<hr \/>\n<p>GU\u00cdAS MULTILING\u00dcES AMABLES<\/p>\n<hr \/>\n<p>ASISTENCIA COMPLETA 24\/7 IN SITU<\/p>\n<hr \/>\n<p><\/div>\n        <\/div>\n    <\/div>\n[\/vc_column][\/vc_row][vc_row][vc_column width=\u00bb1\/3&#8243;][\/vc_column][vc_column width=\u00bb1\/3&#8243;][vc_empty_space height=\u00bb50px\u00bb][vc_cta h2=\u00bbRESERVA NUESTROS TOURS\u00bb txt_align=\u00bbcenter\u00bb shape=\u00bbsquare\u00bb color=\u00bbblack\u00bb add_button=\u00bbbottom\u00bb btn_title=\u00bbCONTACT US\u00bb btn_style=\u00bb3d\u00bb btn_shape=\u00bbsquare\u00bb btn_color=\u00bbwarning\u00bb btn_align=\u00bbcenter\u00bb css_animation=\u00bbbounceIn\u00bb btn_link=\u00bburl:https%3A%2F%2Fbuenosairestouring.com||target:%20_blank|\u00bb css=\u00bb.vc_custom_1569765847321{margin-top: 20px !important;padding-top: 20px !important;padding-right: 20px !important;padding-bottom: 20px !important;padding-left: 20px !important;}\u00bb]\u00a1Y haga felices a sus clientes![\/vc_cta][\/vc_column][vc_column width=\u00bb1\/3&#8243;][\/vc_column][\/vc_row][vc_row full_width=\u00bbstretch_row_content_no_spaces\u00bb row_fullwidth=\u00bbyes\u00bb][vc_column css=\u00bb.vc_custom_1543386510262{padding-right: 0px !important;padding-left: 0px !important;}\u00bb][vc_empty_space]<div class=\"st-list-statistic\"><div class=\"row\">            <div class=\"col-md-3 col-sm-6\">\n                <div class=\"item-wrapper\">\n                    <div class=\"item\">\n                        <div class=\"front\">\n                            <div class=\"inner\">\n                                <h4>500+<\/h4>\n                                <p class=\"sub-text\">Tours completados<\/p>\n                            <\/div>\n                        <\/div>\n                        <div class=\"end\">\n                            <p class=\"desc\">Queremos asegurarnos de que usted reciba el servicio que se merece y se lleve a casa los mejores recuerdos de su corta estad\u00eda en Buenos Aires. \nCon una reconocida logistica, atendemos a los clientes con necesidades especiales.<\/p>\n                        <\/div>\n                    <\/div>\n                <\/div>\n            <\/div>\n                        <div class=\"col-md-3 col-sm-6\">\n                <div class=\"item-wrapper\">\n                    <div class=\"item\">\n                        <div class=\"front\">\n                            <div class=\"inner\">\n                                <h4>1000+<\/h4>\n                                <p class=\"sub-text\">TRASLADOS<\/p>\n                            <\/div>\n                        <\/div>\n                        <div class=\"end\">\n                            <p class=\"desc\">Con nuestros conductores seleccionados, ofrecemos puntualidad, flexibilidad y atenci\u00f3n personalizada.\npara todos los destinos:\n \n* AEROPUERTOS\n* TERMINAL DE CRUCEROS\n* HOTELES\n* ALOJAMIENTOS\n* FERRIES\n<\/p>\n                        <\/div>\n                    <\/div>\n                <\/div>\n            <\/div>\n                        <div class=\"col-md-3 col-sm-6\">\n                <div class=\"item-wrapper\">\n                    <div class=\"item\">\n                        <div class=\"front\">\n                            <div class=\"inner\">\n                                <h4>10+<\/h4>\n                                <p class=\"sub-text\">TOP GUIDES<\/p>\n                            <\/div>\n                        <\/div>\n                        <div class=\"end\">\n                            <p class=\"desc\">Todos los gu\u00edas son biling\u00fces y est\u00e1n registrados en la Ciudad de Buenos Aires.\nPara los viajeros con intereses especiales, tambi\u00e9n ofrecemos gu\u00edas especializados a petici\u00f3n:\nArquitectura, Tango, Arte ....\nCons\u00faltenos <\/p>\n                        <\/div>\n                    <\/div>\n                <\/div>\n            <\/div>\n                        <div class=\"col-md-3 col-sm-6\">\n                <div class=\"item-wrapper\">\n                    <div class=\"item\">\n                        <div class=\"front\">\n                            <div class=\"inner\">\n                                <h4>500+<\/h4>\n                                <p class=\"sub-text\">CLIENTES FELICES<\/p>\n                            <\/div>\n                        <\/div>\n                        <div class=\"end\">\n                            <p class=\"desc\">No compramos publicidad.El boca a boca y los comentarios publicados son  nuestrs herramientas mas poderosas. Consulte la experiencia de otros viajeros en nuestra p\u00e1gina de Trip Advisor y vea c\u00f3mo operamos.<\/p>\n                        <\/div>\n                    <\/div>\n                <\/div>\n            <\/div>\n            <\/div><\/div>[vc_empty_space height=\u00bb65px\u00bb]<div class=\"st-aboutus-info\">\n        <p class=\"message\">\"Despu\u00e9s de a\u00f1os de viajar en docenas de pa\u00edses por todos los medios de transporte y cruce de oc\u00e9anos, comprendemos plenamente las necesidades de los clientes que desean que su corta estad\u00eda en cualquier ciudad sea la m\u00e1s memorable``.\"<\/p>\n        <img decoding=\"async\" src=\"https:\/\/buenosairestouring.com\/wp-content\/uploads\/2018\/12\/default_avatar.png\" alt=\"AGENCIAS\"\/>            <p class=\"name\">Patrick Lataillade<\/p>\n                <p class=\"pos\">FUNDADOR<\/p>\n    <\/div>[vc_empty_space][\/vc_column][\/vc_row][vc_row full_width=\u00bbstretch_row_content\u00bb][vc_column width=\u00bb1\/3&#8243;][vc_single_image image=\u00bb11002&#8243; alignment=\u00bbcenter\u00bb][\/vc_column][vc_column width=\u00bb1\/3&#8243;][vc_raw_html]JTNDJTNDcCUzRSUzQ2ElMjBocmVmJTNEJTIyaHR0cHMlM0ElMkYlMkZ3d3cudHJpcGFkdmlzb3IuY29tJTJGQXR0cmFjdGlvbl9SZXZpZXctZzMxMjc0MS1kNjEwNTcyMS1SZXZpZXdzLUJ1ZW5vc19BaXJlc19Ub3VyaW5nLUJ1ZW5vc19BaXJlc19DYXBpdGFsX0ZlZGVyYWxfRGlzdHJpY3QuaHRtbCUyMiUzRSUzQ2lmcmFtZSUyMHNyYyUzRCUyMmh0dHBzJTNBJTJGJTJGd3d3LnRyaXBhZHZpc29yLmNvbSUyRldpZGdldEVtYmVkLWNkc3Byb3BlcnR5c3VtbWFyeSUzRmxvY2F0aW9uSWQlM0Q2MTA1NzIxJTI2YW1wJTNCcGFydG5lcklkJTNERDYyODJCMkY2QTUzNDYyNzk1NjE0RjlGQ0QwNjZCMjIlMjZhbXAlM0JkaXNwbGF5JTNEdHJ1ZSUyMiUyMHdpZHRoJTNEJTIyMTAwJTI1JTIyJTIwc3R5bGUlM0QlMjJoZWlnaHQlM0ElMjAzMDBweCUyMiUyMGZyYW1lYm9yZGVyJTNEJTIyMCUyMiUzRSUzQyUyRmlmcmFtZSUzRSUzQyUyRmElM0UlM0MlMkZwJTNF[\/vc_raw_html][\/vc_column][vc_column width=\u00bb1\/3&#8243;][vc_single_image image=\u00bb11100&#8243; alignment=\u00bbcenter\u00bb][\/vc_column][\/vc_row]<\/p>\n<\/div>","protected":false},"excerpt":{"rendered":"<p>[vc_row][vc_column][vc_empty_space height=\u00bb70px\u00bb][\/vc_column][\/vc_row][vc_row][vc_column width=\u00bb1\/2&#8243; css=\u00bb.vc_custom_1558256008289{margin-bottom: 6px !important;}\u00bb][vc_empty_space height=\u00bb50px\u00bb][vc_column_text] \u00a1BUENOS AIRES ES UN DESTINO UNICO EN AMERICA LATINA ! [\/vc_column_text][vc_empty_space][\/vc_column][vc_column width=\u00bb1\/2&#8243;][vc_empty_space height=\u00bb50px\u00bb][vc_column_text] EL TURISMO ARGENTINO DISFRUTA DE UN FUERTE CRECIMIENTO [\/vc_column_text][vc_empty_space][\/vc_column][\/vc_row][vc_row][vc_column width=\u00bb1\/2&#8243;][vc_column_text] Como agencia de viajes, tiene una gran oportunidad de tomar posiciones en Argentina, y recorridos por el mercado y traslados en Buenos Aires y el [&hellip;]<\/p>\n","protected":false},"author":1,"featured_media":0,"parent":0,"menu_order":0,"comment_status":"closed","ping_status":"closed","template":"template-home-modern.php","meta":{"_acf_changed":false,"_uf_show_specific_survey":0,"_uf_disable_surveys":false,"footnotes":""},"class_list":["post-11946","page","type-page","status-publish","has-post-thumbnail","hentry"],"acf":[],"amp_enabled":false,"_links":{"self":[{"href":"https:\/\/buenosairestouring.com\/es\/wp-json\/wp\/v2\/pages\/11946","targetHints":{"allow":["GET"]}}],"collection":[{"href":"https:\/\/buenosairestouring.com\/es\/wp-json\/wp\/v2\/pages"}],"about":[{"href":"https:\/\/buenosairestouring.com\/es\/wp-json\/wp\/v2\/types\/page"}],"author":[{"embeddable":true,"href":"https:\/\/buenosairestouring.com\/es\/wp-json\/wp\/v2\/users\/1"}],"replies":[{"embeddable":true,"href":"https:\/\/buenosairestouring.com\/es\/wp-json\/wp\/v2\/comments?post=11946"}],"version-history":[{"count":0,"href":"https:\/\/buenosairestouring.com\/es\/wp-json\/wp\/v2\/pages\/11946\/revisions"}],"wp:attachment":[{"href":"https:\/\/buenosairestouring.com\/es\/wp-json\/wp\/v2\/media?parent=11946"}],"curies":[{"name":"wp","href":"https:\/\/api.w.org\/{rel}","templated":true}]}}