{"id":12046,"date":"2019-09-30T08:45:31","date_gmt":"2019-09-30T11:45:31","guid":{"rendered":"https:\/\/buenosairestouring.com\/?page_id=12046"},"modified":"2019-09-30T08:45:31","modified_gmt":"2019-09-30T11:45:31","slug":"politica-de-confidencialidad","status":"publish","type":"page","link":"https:\/\/buenosairestouring.com\/es\/politica-de-confidencialidad\/","title":{"rendered":"POLITICA DE CONFIDENCIALIDAD"},"content":{"rendered":"<div class=\"wpb-content-wrapper\"><p>[vc_row][vc_column][vc_column_text]POL\u00cdTICA DE PRIVACIDAD<br \/>\nQui\u00e9nes somos:<br \/>\nLa direcci\u00f3n de nuestro sitio web es https:\/\/www.buenosairestouring.com<\/p>\n<p>Qu\u00e9 datos personales recogemos y por qu\u00e9 los recogemos<br \/>\nComentarios sobre el informe<br \/>\nCuando los visitantes dejan comentarios en el sitio, recopilamos los datos contenidos en el formulario de comentarios, as\u00ed como la direcci\u00f3n IP del visitante y la cadena de agentes de usuario del navegador, para facilitar la detecci\u00f3n de spam.<\/p>\n<p>Una cadena anonimizada creada a partir de tu direcci\u00f3n de correo electr\u00f3nico (tambi\u00e9n llamada hash) puede ser proporcionada al servicio de Gravatar para ver si la est\u00e1s usando. La pol\u00edtica de privacidad del servicio de Gravatar est\u00e1 disponible aqu\u00ed: https:\/\/automattic.com\/privacy\/ Despu\u00e9s de aprobar tu comentario, la foto de tu perfil es visible para el p\u00fablico en el contexto de tu comentario.<\/p>\n<p>Medios de comunicaci\u00f3n<br \/>\nSi sube im\u00e1genes al sitio web, evite descargar im\u00e1genes con datos de ubicaci\u00f3n incorporados (EXIF GPS). Los visitantes del sitio web pueden descargar y extraer todos los datos de localizaci\u00f3n de las im\u00e1genes del sitio.<\/p>\n<p>Formulario de contacto para m\u00e1s informaci\u00f3n<\/p>\n<p>Cookies<\/p>\n<p>Si usted deja un comentario en nuestro sitio, puede optar por guardar su nombre, direcci\u00f3n de correo electr\u00f3nico y sitio web en cookies. Estos son para su conveniencia para que no tenga que volver a ingresar su informaci\u00f3n de contacto cuando deje otro comentario. Estas cookies tendr\u00e1n una duraci\u00f3n de un a\u00f1o.<\/p>\n<p>Si usted tiene una cuenta y se conecta a este sitio, estableceremos una cookie temporal para determinar si su navegador acepta cookies. Esta cookie no contiene ning\u00fan dato personal y se elimina cuando usted cierra su navegador.<\/p>\n<p>Cuando inicie sesi\u00f3n, tambi\u00e9n estableceremos varias cookies para guardar su informaci\u00f3n de inicio de sesi\u00f3n y mostrar las opciones en la pantalla. Las cookies de inicio de sesi\u00f3n duran dos d\u00edas y las cookies de pantalla duran un a\u00f1o. Si selecciona \u00abRecordarme\u00bb, su conexi\u00f3n se mantendr\u00e1 durante dos semanas. Si sale de su cuenta, las cookies de inicio de sesi\u00f3n se eliminar\u00e1n.<\/p>\n<p>Si edita o publica un art\u00edculo, se almacenar\u00e1 una cookie adicional en su navegador. Esta cookie no contiene ning\u00fan dato personal y simplemente indica el identificador del art\u00edculo que acaba de modificar. Expira al cabo de 1 d\u00eda.<\/p>\n<p>Contenido integrado de otros sitios web<\/p>\n<p>Los art\u00edculos de este sitio pueden incluir contenido incrustado (por ejemplo, v\u00eddeos, im\u00e1genes, art\u00edculos, etc.). El contenido integrado de otros sitios web se comporta exactamente de la misma manera que si el visitante hubiera visitado el otro sitio web.<\/p>\n<p>Estos sitios web pueden recopilar datos sobre usted, utilizar cookies, integrar un seguimiento adicional de terceros y supervisar su interacci\u00f3n con este contenido integrado, incluido el seguimiento de su interacci\u00f3n con el contenido integrado si tiene una cuenta y est\u00e1 conectado a este sitio web.<\/p>\n<p>Anal\u00edtico<\/p>\n<p>\u00bfCon qui\u00e9n compartimos sus datos?<br \/>\n\u00bfCu\u00e1nto tiempo guardamos sus datos?<br \/>\nSi deja un comentario, el comentario y sus metadatos se mantienen indefinidamente. Esto nos permite reconocer y aprobar autom\u00e1ticamente todos los comentarios de seguimiento en lugar de mantenerlos en una cola de moderaci\u00f3n.<br \/>\nPara los usuarios que se registran en nuestro sitio web (si procede), tambi\u00e9n almacenamos la informaci\u00f3n personal que proporcionan en su perfil de usuario. Todos los usuarios pueden ver, editar o borrar su informaci\u00f3n personal en cualquier momento (excepto que no pueden cambiar su nombre de usuario). Los administradores de sitios web tambi\u00e9n pueden ver y editar esta informaci\u00f3n.<\/p>\n<p>\u00bfQu\u00e9 derechos tiene usted sobre sus datos?<\/p>\n<p>Si usted tiene una cuenta en este sitio o ha dejado comentarios, puede solicitar recibir un archivo exportado de los datos personales que tenemos sobre usted, incluyendo los datos que usted nos ha proporcionado. Tambi\u00e9n puede solicitar que eliminemos todos los datos personales que tenemos sobre usted. Esto no incluye los datos que estamos obligados a conservar con fines administrativos, legales o de seguridad.<\/p>\n<p>D\u00f3nde enviamos sus datos<br \/>\nLos comentarios de los visitantes pueden ser verificados a trav\u00e9s de un servicio automatizado de detecci\u00f3n de spam.<\/p>\n<p>Sus datos de contacto<br \/>\nInformaci\u00f3n adicional<br \/>\n\u00bfC\u00f3mo protegemos sus datos?<br \/>\n\u00bfQu\u00e9 procedimientos de protecci\u00f3n de datos hemos implementado?<br \/>\nDe qu\u00e9 terceros recibimos los datos<br \/>\n\u00bfQu\u00e9 tipo de toma de decisiones y\/o perfiles automatizados hacemos con los datos de los usuarios?<br \/>\nRequisitos de Divulgaci\u00f3n de la Normativa de la Industria<\/p>\n<p>Traducci\u00f3n realizada con el traductor www.DeepL.com\/Translator[\/vc_column_text][\/vc_column][\/vc_row]<\/p>\n<\/div>","protected":false},"excerpt":{"rendered":"<p>[vc_row][vc_column][vc_column_text]POL\u00cdTICA DE PRIVACIDAD Qui\u00e9nes somos: La direcci\u00f3n de nuestro sitio web es https:\/\/www.buenosairestouring.com Qu\u00e9 datos personales recogemos y por qu\u00e9 los recogemos Comentarios sobre el informe Cuando los visitantes dejan comentarios en el sitio, recopilamos los datos contenidos en el formulario de comentarios, as\u00ed como la direcci\u00f3n IP del visitante y la cadena de agentes [&hellip;]<\/p>\n","protected":false},"author":1,"featured_media":0,"parent":0,"menu_order":0,"comment_status":"closed","ping_status":"open","template":"template-home-modern.php","meta":{"_acf_changed":false,"_uf_show_specific_survey":0,"_uf_disable_surveys":false,"footnotes":""},"class_list":["post-12046","page","type-page","status-publish","has-post-thumbnail","hentry"],"acf":[],"amp_enabled":false,"_links":{"self":[{"href":"https:\/\/buenosairestouring.com\/es\/wp-json\/wp\/v2\/pages\/12046","targetHints":{"allow":["GET"]}}],"collection":[{"href":"https:\/\/buenosairestouring.com\/es\/wp-json\/wp\/v2\/pages"}],"about":[{"href":"https:\/\/buenosairestouring.com\/es\/wp-json\/wp\/v2\/types\/page"}],"author":[{"embeddable":true,"href":"https:\/\/buenosairestouring.com\/es\/wp-json\/wp\/v2\/users\/1"}],"replies":[{"embeddable":true,"href":"https:\/\/buenosairestouring.com\/es\/wp-json\/wp\/v2\/comments?post=12046"}],"version-history":[{"count":0,"href":"https:\/\/buenosairestouring.com\/es\/wp-json\/wp\/v2\/pages\/12046\/revisions"}],"wp:attachment":[{"href":"https:\/\/buenosairestouring.com\/es\/wp-json\/wp\/v2\/media?parent=12046"}],"curies":[{"name":"wp","href":"https:\/\/api.w.org\/{rel}","templated":true}]}}