{"id":10424,"date":"2019-05-13T20:26:48","date_gmt":"2019-05-13T23:26:48","guid":{"rendered":"https:\/\/buenosairestouring.com\/?page_id=10424"},"modified":"2021-05-06T09:52:38","modified_gmt":"2021-05-06T12:52:38","slug":"lentreprise","status":"publish","type":"page","link":"https:\/\/buenosairestouring.com\/fr\/lentreprise\/","title":{"rendered":"\u00c0 PROPOS"},"content":{"rendered":"<div class=\"wpb-content-wrapper\"><p>[vc_row][vc_column][vc_empty_space height=\u00a0\u00bb150px\u00a0\u00bb][\/vc_column][\/vc_row][vc_row][vc_column width=\u00a0\u00bb1\/2&Prime;][vc_column_text el_class=\u00a0\u00bbst-aboutus-title\u00a0\u00bb]<\/p>\n<h3><span style=\"font-size: 18px; background-color: #cccccc; border: 2px solid #66182a; border-radius: 10px; padding: 7px;\">Notre Histoire<\/span><\/h3>\n<p>[\/vc_column_text][vc_empty_space height=\u00a0\u00bb30px\u00a0\u00bb][vc_column_text el_class=\u00a0\u00bbst-aboutus-content\u00a0\u00bb]<\/p>\n<p style=\"font-size: 16px; color: #66182a;\">Buenos Aires Touring est une entreprise familiale qui offre tous les services de transports et d\u2019excursions personnalis\u00e9es dont vous pourriez avoir besoin pendant tout votre s\u00e9jour \u00e0 Buenos Aires.<\/p>\n<p style=\"font-size: 16px; color: #66182a;\">Depuis 2007, nous nous sp\u00e9cialisons dans un service v\u00e9ritablement mutlilingue, ponctuel et flexible, 24h\/24.<\/p>\n<p>[\/vc_column_text][vc_empty_space height=\u00a0\u00bb30px\u00a0\u00bb][\/vc_column][vc_column width=\u00a0\u00bb1\/2&Prime;][vc_column_text el_class=\u00a0\u00bbst-aboutus-title\u00a0\u00bb]<\/p>\n<h3><span style=\"font-size: 18px; background-color: #cccccc; border: 2px solid #66182a; border-radius: 10px; padding: 7px;\">Notre Mission<\/span><\/h3>\n<p>[\/vc_column_text][vc_empty_space height=\u00a0\u00bb30px\u00a0\u00bb][vc_column_text el_class=\u00a0\u00bbst-aboutus-content\u00a0\u00bb]<\/p>\n<p style=\"font-size: 16px; color: #66182a;\">Nous offrons un service total:<br \/>\n1 pers. \u00e0 un bus complet !<br \/>\nNous avons une longue exp\u00e9rience dans les transferts et city tours et nous sommes souvent la premi\u00e8re option pour de nombreux voyageurs de toute les cultures recherchant s\u00e9curit\u00e9 et flexibilt\u00e9.<\/p>\n<p>[\/vc_column_text][vc_empty_space height=\u00a0\u00bb30px\u00a0\u00bb][\/vc_column][\/vc_row][vc_row][vc_column][vc_column_text]<\/p>\n<p style=\"text-align: center;\"><span style=\"font-size: 18px; font-weight: bold; border: 2px solid #66182a; border-radius: 10px; padding: 7px; background-color: #cccccc;\">Fa\u00eetes-nous confiance!<\/span><\/p>\n<p>[\/vc_column_text][\/vc_column][\/vc_row][vc_row][vc_column offset=\u00a0\u00bbvc_hidden-xs\u00a0\u00bb][vc_empty_space height=\u00a0\u00bb40px\u00a0\u00bb]<div class=\"st-list-statistic\"><div class=\"row\">            <div class=\"col-md-3 col-sm-6\">\n                <div class=\"item-wrapper\">\n                    <div class=\"item\">\n                        <div class=\"front\">\n                            <div class=\"inner\">\n                                <h4>500+<\/h4>\n                                <p class=\"sub-text\">Tours Effectu\u00e9s<\/p>\n                            <\/div>\n                        <\/div>\n                        <div class=\"end\">\n                            <p class=\"desc\">Nous voulons nous assurer que vous obtenez le service que vous m\u00e9ritez et que vous garderez de bons souvenirs de votre court s\u00e9jour \u00e0 Buenos Aires . Nous accueillons les clients ayant des besoins sp\u00e9ciaux.<\/p>\n                        <\/div>\n                    <\/div>\n                <\/div>\n            <\/div>\n                        <div class=\"col-md-3 col-sm-6\">\n                <div class=\"item-wrapper\">\n                    <div class=\"item\">\n                        <div class=\"front\">\n                            <div class=\"inner\">\n                                <h4>1000+<\/h4>\n                                <p class=\"sub-text\">Transferts<\/p>\n                            <\/div>\n                        <\/div>\n                        <div class=\"end\">\n                            <p class=\"desc\">Nos chauffeurs  et nos v\u00e9hicules homologu\u00e9s offrent ponctualit\u00e9, flexibilit\u00e9 et attention personnalis\u00e9e.\npour toutes les destinations : \n* A\u00c9ROPORTS\n* BATEAUX DE CROISI\u00c8RE\n* H\u00d4TELS...\n\n<\/p>\n                        <\/div>\n                    <\/div>\n                <\/div>\n            <\/div>\n                        <div class=\"col-md-3 col-sm-6\">\n                <div class=\"item-wrapper\">\n                    <div class=\"item\">\n                        <div class=\"front\">\n                            <div class=\"inner\">\n                                <h4>10+<\/h4>\n                                <p class=\"sub-text\">Guides Pros<\/p>\n                            <\/div>\n                        <\/div>\n                        <div class=\"end\">\n                            <p class=\"desc\">Nous recevons toutes les tailles de groupes. Pour les voyageurs ayant des int\u00e9r\u00eats particuliers, nous fournissons \u00e9galement des guides sp\u00e9cialis\u00e9s sur demande :\nArchitecture, Tango, Art ....\nNous consulter <\/p>\n                        <\/div>\n                    <\/div>\n                <\/div>\n            <\/div>\n                        <div class=\"col-md-3 col-sm-6\">\n                <div class=\"item-wrapper\">\n                    <div class=\"item\">\n                        <div class=\"front\">\n                            <div class=\"inner\">\n                                <h4>500+<\/h4>\n                                <p class=\"sub-text\">Clients Satisfaits<\/p>\n                            <\/div>\n                        <\/div>\n                        <div class=\"end\">\n                            <p class=\"desc\">Les commentaires post\u00e9s dans le monde entier sont  nos meilleurs outils de marketing. V\u00e9rifiez d&#039;autres exp\u00e9rience  sur notre page Trip Advisor et voyez comment nous fonctionnons.  <\/p>\n                        <\/div>\n                    <\/div>\n                <\/div>\n            <\/div>\n            <\/div><\/div>[vc_empty_space height=\u00a0\u00bb65px\u00a0\u00bb]<div class=\"st-aboutus-info\">\n        <p class=\"message\">\"Apr\u00e8s des ann\u00e9es de voyage dans des dizaines de pays et par tous les moyens de transport imaginables, nous comprenons les besoins des voyageurs qui veulent faire de leur court s\u00e9jour \u00e0 Buenos Aires , une exp\u00e9rience m\u00e9morable.\"<\/p>\n        <img decoding=\"async\" src=\"https:\/\/buenosairestouring.com\/wp-content\/uploads\/2018\/12\/default_avatar.png\" alt=\"\u00c0 PROPOS\"\/>            <p class=\"name\">Patrick Lataillade<\/p>\n                <p class=\"pos\">FONDATEUR<\/p>\n    <\/div>[vc_empty_space height=\u00a0\u00bb40px\u00a0\u00bb][\/vc_column][\/vc_row][vc_row][vc_column offset=\u00a0\u00bbvc_hidden-lg vc_hidden-md vc_hidden-sm\u00a0\u00bb][vc_empty_space height=\u00a0\u00bb20px\u00a0\u00bb]<div class=\"st-list-statistic\"><div class=\"row\">            <div class=\"col-md-3 col-sm-6\">\n                <div class=\"item-wrapper\">\n                    <div class=\"item\">\n                        <div class=\"front\">\n                            <div class=\"inner\">\n                                <h4>500+<\/h4>\n                                <p class=\"sub-text\">Tours Effectu\u00e9s<\/p>\n                            <\/div>\n                        <\/div>\n                        <div class=\"end\">\n                            <p class=\"desc\">Nous voulons nous assurer que vous obtenez le service que vous m\u00e9ritez et que vous garderez de bons souvenirs de votre court s\u00e9jour \u00e0 Buenos Aires . Nous accueillons les clients ayant des besoins sp\u00e9ciaux.<\/p>\n                        <\/div>\n                    <\/div>\n                <\/div>\n            <\/div>\n                        <div class=\"col-md-3 col-sm-6\">\n                <div class=\"item-wrapper\">\n                    <div class=\"item\">\n                        <div class=\"front\">\n                            <div class=\"inner\">\n                                <h4>1000+<\/h4>\n                                <p class=\"sub-text\">Transferts<\/p>\n                            <\/div>\n                        <\/div>\n                        <div class=\"end\">\n                            <p class=\"desc\">Avec nos chauffeurs  et nos v\u00e9hicules homologu\u00e9s, nous offrons ponctualit\u00e9, flexibilit\u00e9 et attention personnalis\u00e9e.\npour toutes les destinations : \n* A\u00c9ROPORTS\n* BATEAUX DE CROISI\u00c8RE\n* H\u00d4TELS\n* TERMINAL DE FERRY\n<\/p>\n                        <\/div>\n                    <\/div>\n                <\/div>\n            <\/div>\n                        <div class=\"col-md-3 col-sm-6\">\n                <div class=\"item-wrapper\">\n                    <div class=\"item\">\n                        <div class=\"front\">\n                            <div class=\"inner\">\n                                <h4>10+<\/h4>\n                                <p class=\"sub-text\">Guides Pros<\/p>\n                            <\/div>\n                        <\/div>\n                        <div class=\"end\">\n                            <p class=\"desc\">Nous recevons toutes les tailles de groupes. Pour les voyageurs ayant des int\u00e9r\u00eats particuliers, nous fournissons \u00e9galement des guides sp\u00e9cialis\u00e9s sur demande :\nArchitecture, Tango, Art ....\nNous consulter <\/p>\n                        <\/div>\n                    <\/div>\n                <\/div>\n            <\/div>\n                        <div class=\"col-md-3 col-sm-6\">\n                <div class=\"item-wrapper\">\n                    <div class=\"item\">\n                        <div class=\"front\">\n                            <div class=\"inner\">\n                                <h4>500+<\/h4>\n                                <p class=\"sub-text\">Clients Satisfaits<\/p>\n                            <\/div>\n                        <\/div>\n                        <div class=\"end\">\n                            <p class=\"desc\">Le bouche-\u00e0-oreille et les commentaires post\u00e9s dans le monde entier sont aussi nos meilleurs outils de marketing. V\u00e9rifiez l&#039;exp\u00e9rience d&#039;autres voyageurs sur notre page Trip Advisor et voyez comment nous fonctionnons.  <\/p>\n                        <\/div>\n                    <\/div>\n                <\/div>\n            <\/div>\n            <\/div><\/div>[vc_empty_space height=\u00a0\u00bb65px\u00a0\u00bb]<div class=\"st-aboutus-info\">\n        <p class=\"message\">\"Apr\u00e8s des ann\u00e9es de voyage dans des dizaines de pays et par tous les moyens de transport imaginables, nous comprenons les besoins des voyageurs qui veulent faire de leur court s\u00e9jour \u00e0 Buenos Aires , une exp\u00e9rience m\u00e9morable.\"<\/p>\n        <img decoding=\"async\" src=\"https:\/\/buenosairestouring.com\/wp-content\/uploads\/2018\/12\/default_avatar.png\" alt=\"\u00c0 PROPOS\"\/>            <p class=\"name\">Patrick Lataillade<\/p>\n                <p class=\"pos\">FONDATEUR<\/p>\n    <\/div>[vc_empty_space height=\u00a0\u00bb10px\u00a0\u00bb][\/vc_column][\/vc_row][vc_row css=\u00a0\u00bb.vc_custom_1556629137840{margin-bottom: -100px !important;}\u00a0\u00bb][vc_column width=\u00a0\u00bb1\/3&Prime; offset=\u00a0\u00bbvc_hidden-xs\u00a0\u00bb][vc_single_image image=\u00a0\u00bb10999&Prime; alignment=\u00a0\u00bbcenter\u00a0\u00bb][\/vc_column][vc_column width=\u00a0\u00bb1\/3&Prime; offset=\u00a0\u00bbvc_hidden-xs\u00a0\u00bb][vc_cta h2=\u00a0\u00bbREJOIGNEZ NOTRE \u00c9QUIPE\u00a0\u00bb txt_align=\u00a0\u00bbcenter\u00a0\u00bb shape=\u00a0\u00bbsquare\u00a0\u00bb add_button=\u00a0\u00bbbottom\u00a0\u00bb btn_title=\u00a0\u00bbCONTACTEZ-NOUS\u00a0\u00bb btn_style=\u00a0\u00bb3d\u00a0\u00bb btn_shape=\u00a0\u00bbsquare\u00a0\u00bb btn_color=\u00a0\u00bbwarning\u00a0\u00bb btn_align=\u00a0\u00bbcenter\u00a0\u00bb btn_css_animation=\u00a0\u00bbbounceIn\u00a0\u00bb btn_link=\u00a0\u00bburl:https%3A%2F%2Fbuenosairestouring.com%2Ffr%2Fcontact%2F|target:_blank\u00a0\u00bb]Et partagez notre aventure ![\/vc_cta][\/vc_column][vc_column width=\u00a0\u00bb1\/3&Prime; offset=\u00a0\u00bbvc_hidden-xs\u00a0\u00bb][vc_single_image image=\u00a0\u00bb11097&Prime; alignment=\u00a0\u00bbcenter\u00a0\u00bb][\/vc_column][\/vc_row][vc_row][vc_column][vc_empty_space][\/vc_column][\/vc_row][vc_row css=\u00a0\u00bb.vc_custom_1593526044113{margin-bottom: -100px !important;}\u00a0\u00bb][vc_column width=\u00a0\u00bb1\/3&Prime; css=\u00a0\u00bb.vc_custom_1620260966509{margin-top: -40px !important;}\u00a0\u00bb offset=\u00a0\u00bbvc_hidden-lg vc_hidden-md vc_hidden-sm\u00a0\u00bb][vc_cta h2=\u00a0\u00bbREJOIGNEZ-NOUS\u00a0\u00bb txt_align=\u00a0\u00bbcenter\u00a0\u00bb shape=\u00a0\u00bbsquare\u00a0\u00bb add_button=\u00a0\u00bbbottom\u00a0\u00bb btn_title=\u00a0\u00bbCONTACTEZ-NOUS\u00a0\u00bb btn_style=\u00a0\u00bb3d\u00a0\u00bb btn_shape=\u00a0\u00bbsquare\u00a0\u00bb btn_color=\u00a0\u00bbwarning\u00a0\u00bb btn_align=\u00a0\u00bbcenter\u00a0\u00bb btn_css_animation=\u00a0\u00bbbounceIn\u00a0\u00bb btn_button_block=\u00a0\u00bbtrue\u00a0\u00bb btn_link=\u00a0\u00bburl:https%3A%2F%2Fbuenosairestouring.com%2Ffr%2Fcontact%2F|target:_blank\u00a0\u00bb]<\/p>\n<p style=\"font-size: 15px;\">Et partagez n\u00f4tre aventure[\/vc_cta][\/vc_column][vc_column width=\u00a0\u00bb1\/3&Prime; offset=\u00a0\u00bbvc_hidden-lg vc_hidden-md vc_hidden-sm\u00a0\u00bb][vc_empty_space][vc_single_image image=\u00a0\u00bb10999&Prime; alignment=\u00a0\u00bbcenter\u00a0\u00bb][\/vc_column][vc_column width=\u00a0\u00bb1\/3&Prime; offset=\u00a0\u00bbvc_hidden-lg vc_hidden-md vc_hidden-sm\u00a0\u00bb][vc_single_image image=\u00a0\u00bb11097&Prime; alignment=\u00a0\u00bbcenter\u00a0\u00bb][vc_empty_space height=\u00a0\u00bb50px\u00a0\u00bb][\/vc_column][\/vc_row][vc_row][vc_column][vc_column_text]<\/p>\n<p>[\/vc_column_text][\/vc_column][\/vc_row]<\/p>\n<\/div>","protected":false},"excerpt":{"rendered":"<p>[vc_row][vc_column][vc_empty_space height=\u00a0\u00bb150px\u00a0\u00bb][\/vc_column][\/vc_row][vc_row][vc_column width=\u00a0\u00bb1\/2&Prime;][vc_column_text el_class=\u00a0\u00bbst-aboutus-title\u00a0\u00bb] Notre Histoire [\/vc_column_text][vc_empty_space height=\u00a0\u00bb30px\u00a0\u00bb][vc_column_text el_class=\u00a0\u00bbst-aboutus-content\u00a0\u00bb] Buenos Aires Touring est une entreprise familiale qui offre tous les services de transports et d\u2019excursions personnalis\u00e9es dont vous pourriez avoir besoin pendant tout votre s\u00e9jour \u00e0 Buenos Aires. Depuis 2007, nous nous sp\u00e9cialisons dans un service v\u00e9ritablement mutlilingue, ponctuel et flexible, 24h\/24. [\/vc_column_text][vc_empty_space height=\u00a0\u00bb30px\u00a0\u00bb][\/vc_column][vc_column width=\u00a0\u00bb1\/2&Prime;][vc_column_text [&hellip;]<\/p>\n","protected":false},"author":1,"featured_media":0,"parent":0,"menu_order":0,"comment_status":"closed","ping_status":"closed","template":"template-home-modern.php","meta":{"_acf_changed":false,"_uf_show_specific_survey":0,"_uf_disable_surveys":false,"footnotes":""},"class_list":["post-10424","page","type-page","status-publish","has-post-thumbnail","hentry"],"acf":[],"amp_enabled":false,"_links":{"self":[{"href":"https:\/\/buenosairestouring.com\/fr\/wp-json\/wp\/v2\/pages\/10424","targetHints":{"allow":["GET"]}}],"collection":[{"href":"https:\/\/buenosairestouring.com\/fr\/wp-json\/wp\/v2\/pages"}],"about":[{"href":"https:\/\/buenosairestouring.com\/fr\/wp-json\/wp\/v2\/types\/page"}],"author":[{"embeddable":true,"href":"https:\/\/buenosairestouring.com\/fr\/wp-json\/wp\/v2\/users\/1"}],"replies":[{"embeddable":true,"href":"https:\/\/buenosairestouring.com\/fr\/wp-json\/wp\/v2\/comments?post=10424"}],"version-history":[{"count":19,"href":"https:\/\/buenosairestouring.com\/fr\/wp-json\/wp\/v2\/pages\/10424\/revisions"}],"predecessor-version":[{"id":17825,"href":"https:\/\/buenosairestouring.com\/fr\/wp-json\/wp\/v2\/pages\/10424\/revisions\/17825"}],"wp:attachment":[{"href":"https:\/\/buenosairestouring.com\/fr\/wp-json\/wp\/v2\/media?parent=10424"}],"curies":[{"name":"wp","href":"https:\/\/api.w.org\/{rel}","templated":true}]}}