{"id":10435,"date":"2019-05-13T21:29:38","date_gmt":"2019-05-14T00:29:38","guid":{"rendered":"https:\/\/buenosairestouring.com\/?page_id=10435"},"modified":"2021-05-06T08:14:21","modified_gmt":"2021-05-06T11:14:21","slug":"agences","status":"publish","type":"page","link":"https:\/\/buenosairestouring.com\/fr\/agences\/","title":{"rendered":"AGENCES"},"content":{"rendered":"<div class=\"wpb-content-wrapper\"><p>[vc_row][vc_column][vc_empty_space height=\u00a0\u00bb70px\u00a0\u00bb][\/vc_column][\/vc_row][vc_row][vc_column width=\u00a0\u00bb1\/2&Prime; offset=\u00a0\u00bbvc_hidden-xs\u00a0\u00bb][vc_column_text]<\/p>\n<p style=\"font-size: 15px; text-align: center; color: #66182a; font-weight: 400px; background-color: #cccccc; border: 2px solid #66182a; border-radius: 5px; padding: 5px;\">Buenos Aires est la plus jolie ville d\u2019Am\u00e9rique Latine. !<\/p>\n<p>[\/vc_column_text][vc_empty_space][\/vc_column][vc_column width=\u00a0\u00bb1\/2&Prime; offset=\u00a0\u00bbvc_hidden-xs\u00a0\u00bb][vc_column_text]<\/p>\n<p style=\"font-size: 15px; text-align: center; color: #66182a; font-weight: 400px; background-color: #cccccc; border: 2px solid #66182a; border-radius: 5px; padding: 5px;\">Le potentiel touristique est immense.<\/p>\n<p>[\/vc_column_text][vc_empty_space][\/vc_column][\/vc_row][vc_row][vc_column width=\u00a0\u00bb1\/2&Prime; offset=\u00a0\u00bbvc_hidden-lg vc_hidden-md vc_hidden-sm\u00a0\u00bb][vc_empty_space height=\u00a0\u00bb80px\u00a0\u00bb][vc_column_text]<\/p>\n<p style=\"font-size: 15px; text-align: center; color: #66182a; font-weight: 400px; background-color: #cccccc; border: 2px solid #66182a; border-radius: 5px; padding: 5px;\">Buenos Aires est la plus jolie ville d\u2019Am\u00e9rique Latine.<\/p>\n<p>[\/vc_column_text][vc_empty_space][\/vc_column][vc_column width=\u00a0\u00bb1\/2&Prime; offset=\u00a0\u00bbvc_hidden-lg vc_hidden-md vc_hidden-sm\u00a0\u00bb][vc_column_text]<\/p>\n<p style=\"font-size: 15px; text-align: center; color: #66182a; font-weight: 400px; background-color: #cccccc; border: 2px solid #66182a; border-radius: 5px; padding: 5px;\">Le potentiel touristique est immense.<\/p>\n<p>[\/vc_column_text][vc_empty_space][\/vc_column][\/vc_row][vc_row][vc_column width=\u00a0\u00bb1\/2&Prime;][vc_column_text]<\/p>\n<ul>\n<li style=\"font-size: 15px; color: #66182a;\">En tant qu\u2019agence de voyage, vous avez une unique opportunit\u00e9 de prendre des march\u00e9s et d\u2019organiser des tours et transferts en Argentine et dans le reste du pays.<\/li>\n<\/ul>\n<p>[\/vc_column_text][vc_empty_space height=\u00a0\u00bb20px\u00a0\u00bb][\/vc_column][vc_column width=\u00a0\u00bb1\/2&Prime;][vc_column_text]<\/p>\n<ul>\n<li style=\"font-size: 15px; color: #66182a;\">\u00c0 Buenos Aires Touring, nous avons une longue exp\u00e9rience dans la r\u00e9ception de clients du monde entier, dans leur langue, prenant soin d\u2019eux d\u00e9s leur arriv\u00e9e \u00e0 Buenos Aires.<\/li>\n<\/ul>\n<p>[\/vc_column_text][\/vc_column][\/vc_row][vc_row][vc_column][vc_empty_space height=\u00a0\u00bb40px\u00a0\u00bb][vc_empty_space height=\u00a0\u00bb40px\u00a0\u00bb][\/vc_column][\/vc_row][vc_row][vc_column width=\u00a0\u00bb1\/2&Prime;]    <div class=\"content-text padding-0 st-default\">\n        <div class=\"st-text-center\">\n            <h2 class=\"text-center   \">CE QUE VOUS ATTENDEZ<\/h2>\n            <div class=\"box__separator  hidden-thumb \"><\/div>\n            <div class=\"text-center\">UN SYST\u00c8ME COMPLET DE R\u00c9SERVATION<\/p>\n<hr \/>\n<p>COMISSIONS IMM\u00c9DIATES<\/p>\n<hr \/>\n<p>R\u00c9SERVATIONS INSTANTAN\u00c9ES<\/p>\n<hr \/>\n<p>DISPONIBILIT\u00c9 24h\/24<\/p>\n<hr \/>\n<p>PRIX ATTRACTIFS<\/p>\n<hr \/>\n<p>PROTECTION INFORMATIQUE<\/p>\n<hr \/>\n<p><\/div>\n        <\/div>\n    <\/div>\n[\/vc_column][vc_column width=\u00a0\u00bb1\/2&Prime;]    <div class=\"content-text padding-0 st-default\">\n        <div class=\"st-text-center\">\n            <h2 class=\"text-center   \">CE QUE NOUS OFFRONS<\/h2>\n            <div class=\"box__separator  hidden-thumb \"><\/div>\n            <div class=\"text-center\">SERVICES DE CITY TOURS & TRANSFERTS<\/p>\n<hr \/>\n<p>REGULARIT\u00c9 ET FLEXIBILIT\u00c9<\/p>\n<hr \/>\n<p>LOGISTIQUE PROFESSIONNELLE<\/p>\n<hr \/>\n<p>TOURS PERSONNALIS\u00c9S<\/p>\n<hr \/>\n<p>GUIDES BILINGUES\u00a0 ATTENTIFS<\/p>\n<hr \/>\n<p>ASSISTANCE SUR PLACE 24h\/24<\/p>\n<hr \/>\n<p><\/div>\n        <\/div>\n    <\/div>\n[\/vc_column][\/vc_row][vc_row][vc_column][vc_column_text]<\/p>\n<p>[\/vc_column_text][\/vc_column][\/vc_row][vc_row][vc_column width=\u00a0\u00bb1\/3&Prime;][\/vc_column][vc_column width=\u00a0\u00bb1\/3&Prime;][vc_cta h2=\u00a0\u00bbR\u00c9SERVEZ NOS TOURS\u00a0\u00bb txt_align=\u00a0\u00bbcenter\u00a0\u00bb shape=\u00a0\u00bbsquare\u00a0\u00bb color=\u00a0\u00bbblack\u00a0\u00bb add_button=\u00a0\u00bbbottom\u00a0\u00bb btn_title=\u00a0\u00bbCONTACTEZ-NOUS\u00a0\u00bb btn_style=\u00a0\u00bb3d\u00a0\u00bb btn_shape=\u00a0\u00bbsquare\u00a0\u00bb btn_color=\u00a0\u00bbwarning\u00a0\u00bb btn_align=\u00a0\u00bbcenter\u00a0\u00bb css_animation=\u00a0\u00bbbounceIn\u00a0\u00bb btn_link=\u00a0\u00bburl:https%3A%2F%2Fbuenosairestouring.com%2Ffr%2Fagences%2F||target:%20_blank|\u00a0\u00bb css=\u00a0\u00bb.vc_custom_1557818390627{margin-top: 20px !important;padding-top: 20px !important;padding-right: 20px !important;padding-bottom: 20px !important;padding-left: 20px !important;}\u00a0\u00bb]Et gagnez des clients heureux ![\/vc_cta][\/vc_column][vc_column width=\u00a0\u00bb1\/3&Prime;][\/vc_column][\/vc_row][vc_row][vc_column width=\u00a0\u00bb1\/4&Prime;][\/vc_column][vc_column width=\u00a0\u00bb1\/4&Prime;][vc_column_text]<\/p>\n<p style=\"text-align: center;\"><img decoding=\"async\" src=\"https:\/\/buenosairestouring.com\/wp-content\/uploads\/2019\/05\/en-US-UK-2x-1-150x150.png\" \/><\/p>\n<p>[\/vc_column_text][\/vc_column][vc_column width=\u00a0\u00bb1\/4&Prime;][vc_column_text]<img decoding=\"async\" class=\"aligncenter\" src=\"https:\/\/buenosairestouring.com\/wp-content\/uploads\/2019\/05\/Travel-And-Hospitality-Award-Winner-Logo-1920-1080-150x150.png\" \/>[\/vc_column_text][\/vc_column][vc_column width=\u00a0\u00bb1\/4&Prime;][\/vc_column][\/vc_row]<\/p>\n<\/div>","protected":false},"excerpt":{"rendered":"<p>[vc_row][vc_column][vc_empty_space height=\u00a0\u00bb70px\u00a0\u00bb][\/vc_column][\/vc_row][vc_row][vc_column width=\u00a0\u00bb1\/2&Prime; offset=\u00a0\u00bbvc_hidden-xs\u00a0\u00bb][vc_column_text] Buenos Aires est la plus jolie ville d\u2019Am\u00e9rique Latine. ! [\/vc_column_text][vc_empty_space][\/vc_column][vc_column width=\u00a0\u00bb1\/2&Prime; offset=\u00a0\u00bbvc_hidden-xs\u00a0\u00bb][vc_column_text] Le potentiel touristique est immense. [\/vc_column_text][vc_empty_space][\/vc_column][\/vc_row][vc_row][vc_column width=\u00a0\u00bb1\/2&Prime; offset=\u00a0\u00bbvc_hidden-lg vc_hidden-md vc_hidden-sm\u00a0\u00bb][vc_empty_space height=\u00a0\u00bb80px\u00a0\u00bb][vc_column_text] Buenos Aires est la plus jolie ville d\u2019Am\u00e9rique Latine. [\/vc_column_text][vc_empty_space][\/vc_column][vc_column width=\u00a0\u00bb1\/2&Prime; offset=\u00a0\u00bbvc_hidden-lg vc_hidden-md vc_hidden-sm\u00a0\u00bb][vc_column_text] Le potentiel touristique est immense. [\/vc_column_text][vc_empty_space][\/vc_column][\/vc_row][vc_row][vc_column width=\u00a0\u00bb1\/2&Prime;][vc_column_text] En tant qu\u2019agence de voyage, vous [&hellip;]<\/p>\n","protected":false},"author":1,"featured_media":0,"parent":0,"menu_order":0,"comment_status":"closed","ping_status":"closed","template":"template-home-modern.php","meta":{"_acf_changed":false,"_uf_show_specific_survey":0,"_uf_disable_surveys":false,"footnotes":""},"class_list":["post-10435","page","type-page","status-publish","has-post-thumbnail","hentry"],"acf":[],"amp_enabled":false,"_links":{"self":[{"href":"https:\/\/buenosairestouring.com\/fr\/wp-json\/wp\/v2\/pages\/10435","targetHints":{"allow":["GET"]}}],"collection":[{"href":"https:\/\/buenosairestouring.com\/fr\/wp-json\/wp\/v2\/pages"}],"about":[{"href":"https:\/\/buenosairestouring.com\/fr\/wp-json\/wp\/v2\/types\/page"}],"author":[{"embeddable":true,"href":"https:\/\/buenosairestouring.com\/fr\/wp-json\/wp\/v2\/users\/1"}],"replies":[{"embeddable":true,"href":"https:\/\/buenosairestouring.com\/fr\/wp-json\/wp\/v2\/comments?post=10435"}],"version-history":[{"count":4,"href":"https:\/\/buenosairestouring.com\/fr\/wp-json\/wp\/v2\/pages\/10435\/revisions"}],"predecessor-version":[{"id":17820,"href":"https:\/\/buenosairestouring.com\/fr\/wp-json\/wp\/v2\/pages\/10435\/revisions\/17820"}],"wp:attachment":[{"href":"https:\/\/buenosairestouring.com\/fr\/wp-json\/wp\/v2\/media?parent=10435"}],"curies":[{"name":"wp","href":"https:\/\/api.w.org\/{rel}","templated":true}]}}