{"id":18313,"date":"2021-08-20T08:33:49","date_gmt":"2021-08-20T11:33:49","guid":{"rendered":"https:\/\/buenosairestouring.com\/transferts\/"},"modified":"2024-09-16T06:54:44","modified_gmt":"2024-09-16T09:54:44","slug":"transferts","status":"publish","type":"page","link":"https:\/\/buenosairestouring.com\/fr\/transferts\/","title":{"rendered":"TRANSFERTS"},"content":{"rendered":"<div class=\"wpb-content-wrapper\"><p>[vc_row full_width=\u00a0\u00bbstretch_row_content\u00a0\u00bb][vc_column][vc_empty_space height=\u00a0\u00bb60px\u00a0\u00bb][\/vc_column][\/vc_row][vc_row full_width=\u00a0\u00bbstretch_row_content\u00a0\u00bb][vc_column width=\u00a0\u00bb1\/3&Prime;][\/vc_column][vc_column width=\u00a0\u00bb1\/3&Prime;][vc_empty_space height=\u00a0\u00bb80px\u00a0\u00bb][vc_cta h2=\u00a0\u00bbVOUS AVEZ BESOIN D&rsquo;UN TRANSFERT ?\u00a0\u00bb h2_font_container=\u00a0\u00bbtag:h2|font_size:18px|text_align:center|color:%2366182a\u00a0\u00bb h2_google_fonts=\u00a0\u00bbfont_family:PT%20Serif%3Aregular%2Citalic%2C700%2C700italic|font_style:700%20bold%20regular%3A700%3Anormal\u00a0\u00bb h4_font_container=\u00a0\u00bbtag:h4|text_align:left\u00a0\u00bb txt_align=\u00a0\u00bbcenter\u00a0\u00bb color=\u00a0\u00bbwhite\u00a0\u00bb add_button=\u00a0\u00bbbottom\u00a0\u00bb btn_title=\u00a0\u00bbR\u00c9SERVEZ !\u00a0\u00bb btn_shape=\u00a0\u00bbsquare\u00a0\u00bb btn_color=\u00a0\u00bbwarning\u00a0\u00bb btn_size=\u00a0\u00bblg\u00a0\u00bb btn_align=\u00a0\u00bbcenter\u00a0\u00bb btn_css_animation=\u00a0\u00bbbounceIn\u00a0\u00bb use_custom_fonts_h2=\u00a0\u00bbtrue\u00a0\u00bb use_custom_fonts_h4=\u00a0\u00bbtrue\u00a0\u00bb btn_button_block=\u00a0\u00bbtrue\u00a0\u00bb btn_link=\u00a0\u00bburl:%23reserver|title:RESERVEZ%20!\u00a0\u00bb btn_el_id=\u00a0\u00bbbuttonaction\u00a0\u00bb]<span style=\"font-size: 22px;\">Sans stress?<\/span>[\/vc_cta][\/vc_column][vc_column width=\u00a0\u00bb1\/3&Prime;][\/vc_column][\/vc_row][vc_row][vc_column width=\u00a0\u00bb1\/3&Prime;][\/vc_column][vc_column width=\u00a0\u00bb1\/3&Prime;][vc_empty_space height=\u00a0\u00bb80px\u00a0\u00bb][vc_column_text css=\u00a0\u00bb.vc_custom_1629442467103{border-radius: 5px !important;}\u00a0\u00bb]<\/p>\n<p style=\"text-align: center; font-size: 18px; color: #66182a; border: 2px solid #66182a; background-color: #cccccc; padding: 7px; border-radius: 7px;\">Les prix sont \u00e0 titre indicatif.<br \/>\nIls d\u00e9pendent de la saison et s&rsquo;ils sont r\u00e9serv\u00e9s avec un autre service..<br \/>\nSvp, <a style=\"font-size: 18px;\" href=\"https:\/\/buenosairestouring.com\/fr\/contact\/\"> contactez-nous <\/a> pour un devis personnalis\u00e9.<\/p>\n<p>[\/vc_column_text][\/vc_column][vc_column width=\u00a0\u00bb1\/3&Prime;][\/vc_column][\/vc_row][vc_row full_width=\u00a0\u00bbstretch_row_content\u00a0\u00bb][vc_column offset=\u00a0\u00bbvc_hidden-xs\u00a0\u00bb][vc_empty_space][\/vc_column][\/vc_row][vc_row][vc_column width=\u00a0\u00bb1\/3&Prime;][\/vc_column][vc_column width=\u00a0\u00bb1\/3&Prime; offset=\u00a0\u00bbvc_hidden-lg vc_hidden-md vc_hidden-sm\u00a0\u00bb][vc_empty_space height=\u00a0\u00bb80px\u00a0\u00bb][vc_column_text css=\u00a0\u00bb.vc_custom_1726322282425{border-radius: 5px !important;}\u00a0\u00bb]<\/p>\n<p style=\"text-align: center; font-size: 14px; color: #66182a; border: 2px solid #66182a; background-color: #cccccc; padding: 7px; border-radius: 7px;\">Les prix sont \u00e0 titre indicatif.<br \/>\nIls d\u00e9pendent de la saison et s&rsquo;ils sont r\u00e9serv\u00e9s avec un autre service..<br \/>\nSvp, <a style=\"font-size: 18px;\" href=\"https:\/\/buenosairestouring.com\/fr\/contact\/\"> [\/vc_column_text][\/vc_column][vc_column width=\u00a0\u00bb1\/3&Prime;][\/vc_column][\/vc_row][vc_row][vc_column offset=\u00a0\u00bbvc_hidden-xs\u00a0\u00bb][vc_empty_space][vc_separator color=\u00a0\u00bbwhite\u00a0\u00bb style=\u00a0\u00bbshadow\u00a0\u00bb border_width=\u00a0\u00bb3&Prime; el_width=\u00a0\u00bb70&Prime;][vc_empty_space height=\u00a0\u00bb50px\u00a0\u00bb][\/vc_column][\/vc_row][vc_row][vc_column width=\u00a0\u00bb1\/4&Prime; offset=\u00a0\u00bbvc_hidden-xs\u00a0\u00bb][vc_column_text]<\/a><\/p>\n<h3 style=\"text-align: center;\"><strong><span style=\"font-size: 22px; background-color: #cccccc; border: 2px solid #66182a; border-radius: 10px; padding: 7px; color: #66182a;\">EZEIZA<\/span><\/strong><\/h3>\n<p>[\/vc_column_text][\/vc_column][vc_column width=\u00a0\u00bb1\/4&Prime; offset=\u00a0\u00bbvc_hidden-xs\u00a0\u00bb][vc_column_text]<\/p>\n<h3 style=\"text-align: center;\"><strong><span style=\"font-size: 22px; background-color: #cccccc; border: 2px solid #66182a; border-radius: 10px; padding: 7px; color: #66182a;\">AEROPARQUE<\/span><\/strong><\/h3>\n<p>[\/vc_column_text][\/vc_column][vc_column width=\u00a0\u00bb1\/4&Prime; offset=\u00a0\u00bbvc_hidden-xs\u00a0\u00bb][vc_column_text]<\/p>\n<h3 style=\"text-align: center;\"><strong><span style=\"font-size: 22px; background-color: #cccccc; border: 2px solid #66182a; border-radius: 10px; padding: 7px; color: #66182a;\">\u00a0PORT de CROISI\u00c8RE<\/span><\/strong><\/h3>\n<p>[\/vc_column_text][\/vc_column][vc_column width=\u00a0\u00bb1\/4&Prime; offset=\u00a0\u00bbvc_hidden-xs\u00a0\u00bb][vc_column_text]<\/p>\n<h3 style=\"text-align: center;\"><strong><span style=\"font-size: 22px; background-color: #cccccc; border: 2px solid #66182a; border-radius: 10px; padding: 7px; color: #66182a;\">H\u00d4TELS<\/span><\/strong><\/h3>\n<p>[\/vc_column_text][\/vc_column][\/vc_row][vc_row][vc_column][vc_empty_space height=\u00a0\u00bb60px\u00a0\u00bb][vc_separator color=\u00a0\u00bbwhite\u00a0\u00bb style=\u00a0\u00bbshadow\u00a0\u00bb border_width=\u00a0\u00bb3&Prime; el_width=\u00a0\u00bb70&Prime;][vc_empty_space height=\u00a0\u00bb30px\u00a0\u00bb][\/vc_column][\/vc_row][vc_row][vc_column width=\u00a0\u00bb1\/2&Prime; offset=\u00a0\u00bbvc_hidden-lg vc_hidden-md vc_hidden-sm\u00a0\u00bb][vc_empty_space][vc_column_text]<\/p>\n<h3 style=\"text-align: center;\"><strong><span style=\"font-size: 13px; background-color: #cccccc; border: 2px solid #66182a; border-radius: 10px; padding: 7px; color: #66182a;\">A\u00c9ROPORTS-PORT de CROISI\u00c8RE-H\u00d4TELS<\/span><\/strong><\/h3>\n<p>[\/vc_column_text][\/vc_column][vc_column width=\u00a0\u00bb1\/2&Prime; offset=\u00a0\u00bbvc_hidden-lg vc_hidden-md vc_hidden-sm\u00a0\u00bb][vc_empty_space height=\u00a0\u00bb20px\u00a0\u00bb][\/vc_column][\/vc_row][vc_row][vc_column offset=\u00a0\u00bbvc_hidden-xs\u00a0\u00bb][vc_empty_space height=\u00a0\u00bb60px\u00a0\u00bb][\/vc_column][\/vc_row][vc_row][vc_column offset=\u00a0\u00bbvc_hidden-lg vc_hidden-md vc_hidden-sm\u00a0\u00bb][vc_empty_space][\/vc_column][\/vc_row][vc_row el_id=\u00a0\u00bbreserver\u00a0\u00bb][vc_column][vc_column_text]<\/p>\n<h3 style=\"text-align: center;\"><strong><span style=\"font-size: 22px; background-color: #cccccc; border: 2px solid #66182a; border-radius: 10px; padding: 7px; color: #66182a;\">R\u00c9SERVER<\/span><\/strong><\/h3>\n<p>[\/vc_column_text][vc_empty_space][\/vc_column][\/vc_row][vc_row][vc_column width=\u00a0\u00bb1\/3&Prime; offset=\u00a0\u00bbvc_hidden-xs\u00a0\u00bb][vc_empty_space height=\u00a0\u00bb70px\u00a0\u00bb][vc_column_text]<\/p>\n<h3 style=\"text-align: center;\"><strong><span style=\"font-size: 18px; background-color: #cccccc; border: 2px solid #66182a; border-radius: 10px; padding: 7px; color: #66182a;\">1. Choisissez v\u00f4tre transfert <\/span><\/strong><\/h3>\n<p>[\/vc_column_text][vc_empty_space height=\u00a0\u00bb20px\u00a0\u00bb][vc_column_text]<\/p>\n<h3 style=\"text-align: center;\"><strong><span style=\"font-size: 18px; background-color: #cccccc; border: 2px solid #66182a; border-radius: 10px; padding: 7px; color: #66182a;\">2. Remplissez le formulaire\u00a0<\/span><\/strong><\/h3>\n<p>[\/vc_column_text][vc_empty_space height=\u00a0\u00bb20px\u00a0\u00bb][vc_column_text]<\/p>\n<h3 style=\"text-align: center;\"><strong><span style=\"font-size: 22px; background-color: #cccccc; border: 2px solid #66182a; border-radius: 10px; padding: 7px; color: #66182a;\">3. Nous vous attendons !<\/span><\/strong><\/h3>\n<p>[\/vc_column_text][vc_empty_space height=\u00a0\u00bb50px\u00a0\u00bb]\n<div class=\"wpcf7 no-js\" id=\"wpcf7-f22396-o1\" lang=\"en-US\" dir=\"ltr\" data-wpcf7-id=\"22396\">\n<div class=\"screen-reader-response\"><p role=\"status\" aria-live=\"polite\" aria-atomic=\"true\"><\/p> <ul><\/ul><\/div>\n<form action=\"\/fr\/wp-json\/wp\/v2\/pages\/18313#wpcf7-f22396-o1\" method=\"post\" class=\"wpcf7-form init\" aria-label=\"Contact form\" novalidate=\"novalidate\" data-status=\"init\">\n<fieldset class=\"hidden-fields-container\"><input type=\"hidden\" name=\"_wpcf7\" value=\"22396\" \/><input type=\"hidden\" name=\"_wpcf7_version\" value=\"6.1.1\" \/><input type=\"hidden\" name=\"_wpcf7_locale\" value=\"en_US\" \/><input type=\"hidden\" name=\"_wpcf7_unit_tag\" value=\"wpcf7-f22396-o1\" \/><input type=\"hidden\" name=\"_wpcf7_container_post\" value=\"0\" \/><input type=\"hidden\" name=\"_wpcf7_posted_data_hash\" value=\"\" \/>\n<\/fieldset>\n<div class=\"wpcf7-turnstile cf-turnstile\" data-sitekey=\"0x4AAAAAABttiv9VMcMv6xCK\" data-response-field-name=\"_wpcf7_turnstile_response\"><\/div>\n\n<div class=\"st-contact-form\">\n\t<div class=\"contact-header\">\n\t\t<h3 style=\"color:#66182a;\">Indiquez le num\u00e9ro de v\u00f4tre vol\n\t\t<\/h3>\n\t\t<p style=\"color:#66182a;font-size:18px\">Et toute information importante\n\t\t<\/p>\n\t<\/div>\n\t<div class=\"contact-form\">\n\t\t<div class=\"form-group\">\n\t\t\t<div class=\"form-group\">\n\t\t\t\t<p><span class=\"wpcf7-form-control-wrap\" data-name=\"your-name\"><input size=\"40\" maxlength=\"400\" class=\"wpcf7-form-control wpcf7-text wpcf7-validates-as-required form-control\" aria-required=\"true\" aria-invalid=\"false\" placeholder=\"NOM PR\u00c9NOM\" value=\"\" type=\"text\" name=\"your-name\" \/><\/span>\n\t\t\t\t<\/p>\n\t\t\t<\/div>\n\t\t\t<p><span class=\"wpcf7-form-control-wrap\" data-name=\"your-name\"><input size=\"40\" maxlength=\"400\" class=\"wpcf7-form-control wpcf7-text wpcf7-validates-as-required form-control\" aria-required=\"true\" aria-invalid=\"false\" placeholder=\"VOL No\" value=\"\" type=\"text\" name=\"your-name\" \/><\/span>\n\t\t\t<\/p>\n\t\t<\/div>\n\t\t<div class=\"form-group\">\n\t\t\t<p><span class=\"wpcf7-form-control-wrap\" data-name=\"your-email\"><input size=\"40\" maxlength=\"400\" class=\"wpcf7-form-control wpcf7-email wpcf7-validates-as-required wpcf7-text wpcf7-validates-as-email form-control\" aria-required=\"true\" aria-invalid=\"false\" placeholder=\"H&#039;EURE D&#039;ARRIV\u00c9E\" value=\"\" type=\"email\" name=\"your-email\" \/><\/span>\n\t\t\t<\/p>\n\t\t<\/div>\n\t\t<div class=\"form-group\">\n\t\t\t<p><span class=\"wpcf7-form-control-wrap\" data-name=\"your-message\"><textarea cols=\"40\" rows=\"10\" maxlength=\"2000\" class=\"wpcf7-form-control wpcf7-textarea form-control\" aria-invalid=\"false\" placeholder=\"Message\" name=\"your-message\"><\/textarea><\/span>\n\t\t\t<\/p>\n\t\t<\/div>\n\t\t<p><input class=\"wpcf7-form-control wpcf7-submit has-spinner btn btn-primary\" type=\"submit\" value=\"ENVOYER\" \/>\n\t\t<\/p>\n\t<\/div>\n<\/div><div class=\"wpcf7-response-output\" aria-hidden=\"true\"><\/div>\n<\/form>\n<\/div>\n[\/vc_column][vc_column width=\u00a0\u00bb1\/3&Prime; offset=\u00a0\u00bbvc_hidden-xs\u00a0\u00bb][vc_empty_space height=\u00a0\u00bb40px\u00a0\u00bb][vc_column_text]<script type=\"text\/javascript\" src=\"https:\/\/widgets.bokun.io\/assets\/javascripts\/apps\/build\/BokunWidgetsLoader.js?bookingChannelUUID=eda0f365-ecce-4446-a004-94abaa573d29\" async><\/script><\/p>\n<div class=\"bokunWidget\" data-src=\"https:\/\/widgets.bokun.io\/online-sales\/eda0f365-ecce-4446-a004-94abaa573d29\/experience-calendar\/912980\"><\/div>\n<p><noscript>Please enable javascript in your browser to book<\/noscript><br \/>\n[\/vc_column_text][vc_empty_space][\/vc_column][vc_column width=\u00a0\u00bb1\/3&Prime; offset=\u00a0\u00bbvc_hidden-xs\u00a0\u00bb][\/vc_column][\/vc_row][vc_row][vc_column width=\u00a0\u00bb1\/3&Prime; offset=\u00a0\u00bbvc_hidden-lg vc_hidden-md vc_hidden-sm\u00a0\u00bb][vc_empty_space height=\u00a0\u00bb16px\u00a0\u00bb][vc_column_text]<\/p>\n<h3 style=\"text-align: center;\"><strong><span style=\"font-size: 14px; background-color: #cccccc; border: 2px solid #66182a; border-radius: 10px; padding: 7px; color: #66182a;\">1. Choisissez v\u00f4tre transfert <\/span><\/strong><\/h3>\n<p>[\/vc_column_text][vc_empty_space height=\u00a0\u00bb16px\u00a0\u00bb][vc_column_text]<\/p>\n<h3 style=\"text-align: center;\"><strong><span style=\"font-size: 14px; background-color: #cccccc; border: 2px solid #66182a; border-radius: 10px; padding: 7px; color: #66182a;\">2. Remplissez le formulaire<\/span><\/strong><\/h3>\n<p>[\/vc_column_text][vc_empty_space height=\u00a0\u00bb16px\u00a0\u00bb][vc_column_text]<\/p>\n<h3 style=\"text-align: center;\"><strong><span style=\"font-size: 16px; background-color: #cccccc; border: 2px solid #66182a; border-radius: 10px; padding: 7px; color: #66182a;\">3. Nous vous attendons !<\/span><\/strong><\/h3>\n<p>[\/vc_column_text][\/vc_column][vc_column width=\u00a0\u00bb1\/3&Prime; offset=\u00a0\u00bbvc_hidden-lg vc_hidden-md vc_hidden-sm\u00a0\u00bb][vc_empty_space height=\u00a0\u00bb60px\u00a0\u00bb][vc_column_text]<script type=\"text\/javascript\" src=\"https:\/\/widgets.bokun.io\/assets\/javascripts\/apps\/build\/BokunWidgetsLoader.js?bookingChannelUUID=eda0f365-ecce-4446-a004-94abaa573d29\" async><\/script><\/p>\n<div class=\"bokunWidget\" data-src=\"https:\/\/widgets.bokun.io\/online-sales\/eda0f365-ecce-4446-a004-94abaa573d29\/experience-calendar\/912980\"><\/div>\n<p><noscript>Please enable javascript in your browser to book<\/noscript><br \/>\n[\/vc_column_text][\/vc_column][vc_column width=\u00a0\u00bb1\/3&Prime; offset=\u00a0\u00bbvc_hidden-lg vc_hidden-md vc_hidden-sm\u00a0\u00bb][\/vc_column][\/vc_row][vc_row][vc_column width=\u00a0\u00bb1\/3&Prime;][\/vc_column][vc_column width=\u00a0\u00bb1\/3&Prime;][vc_empty_space height=\u00a0\u00bb25px\u00a0\u00bb][\/vc_column][vc_column width=\u00a0\u00bb1\/3&Prime;][\/vc_column][\/vc_row][vc_row][vc_column][vc_empty_space height=\u00a0\u00bb50px\u00a0\u00bb][\/vc_column][\/vc_row][vc_row][vc_column width=\u00a0\u00bb1\/4&Prime; offset=\u00a0\u00bbvc_hidden-xs\u00a0\u00bb][vc_empty_space][vc_column_text]<\/p>\n<p style=\"text-align: center; font-size: 18px; color: # 66182a; border: 2px solid #66182a; background-color: #cccccc; padding: 7px; border-radius: 7px;\">Pour tout autre service de transfert veuillez<br \/>\n<a href=\"https:\/\/buenosairestouring.com\/fr\/contact\/\"> nous contacter <\/a> pour un devis personnalis\u00e9.<\/p>\n<p>[\/vc_column_text][\/vc_column][vc_column width=\u00a0\u00bb1\/2&Prime; offset=\u00a0\u00bbvc_hidden-xs\u00a0\u00bb][vc_empty_space][vc_images_carousel images=\u00a0\u00bb17603,17394,17387,17380,17617,17624,17631,10654,9498,9510,22324,22331,22338,22345,22352,22359&Prime; img_size=\u00a0\u00bb500&#215;500&Prime; onclick=\u00a0\u00bblink_no\u00a0\u00bb speed=\u00a0\u00bb3000&Prime; autoplay=\u00a0\u00bbyes\u00a0\u00bb wrap=\u00a0\u00bbyes\u00a0\u00bb][\/vc_column][vc_column width=\u00a0\u00bb1\/4&Prime; offset=\u00a0\u00bbvc_hidden-xs\u00a0\u00bb css=\u00a0\u00bb.vc_custom_1726268385764{margin-left: -50px !important;}\u00a0\u00bb][vc_empty_space][vc_column_text]<\/p>\n<p style=\"font-size: 18px; color: # 66182a; border: 2px solid #66182a; background-color: #cccccc; padding: 7px; border-radius: 7px; text-align: center;\">Tous les conducteurs sont enregistr\u00e9s aupr\u00e8s de la ville de Buenos Aires et sont enti\u00e8rement assur\u00e9s, votre s\u00e9curit\u00e9 passe avant tout<\/p>\n<p>[\/vc_column_text][\/vc_column][\/vc_row][vc_row][vc_column width=\u00a0\u00bb1\/3&Prime; offset=\u00a0\u00bbvc_hidden-lg vc_hidden-md vc_hidden-sm\u00a0\u00bb][vc_column_text]<\/p>\n<p style=\"text-align: center; font-size: 13px; color: # 66182a; border: 2px solid #66182a; background-color: #cccccc; padding: 7px; border-radius: 7px;\">Pour tout autre service de transfert veuillez<br \/>\n<a href=\"https:\/\/buenosairestouring.com\/fr\/contact\/\"> nous contacter <\/a> pour un devis personnalis\u00e9.<\/p>\n<p>[\/vc_column_text][\/vc_column][vc_column width=\u00a0\u00bb1\/3&Prime; offset=\u00a0\u00bbvc_hidden-lg vc_hidden-md vc_hidden-sm\u00a0\u00bb][vc_empty_space height=\u00a0\u00bb50px\u00a0\u00bb][vc_images_carousel images=\u00a0\u00bb17603,17394,17387,17380,17617,17624,17631,10654,9498,9510,22324,22331,22338,22345,22352,22359&Prime; img_size=\u00a0\u00bb300&#215;300&Prime; onclick=\u00a0\u00bblink_no\u00a0\u00bb speed=\u00a0\u00bb3000&Prime; autoplay=\u00a0\u00bbyes\u00a0\u00bb wrap=\u00a0\u00bbyes\u00a0\u00bb][\/vc_column][vc_column width=\u00a0\u00bb1\/3&Prime; offset=\u00a0\u00bbvc_hidden-lg vc_hidden-md vc_hidden-sm vc_hidden-xs\u00a0\u00bb css=\u00a0\u00bb.vc_custom_1726268432633{margin-left: -50px !important;}\u00a0\u00bb][vc_empty_space][vc_column_text]<\/p>\n<p style=\"font-size: 13px; color: # 66182a; border: 2px solid #66182a; background-color: #cccccc; padding: 7px; border-radius: 7px; text-align: center;\">Tous les Les conducteurs sont enregistr\u00e9s aupr\u00e8s de la ville de Buenos Aires et sont enti\u00e8rement assur\u00e9s, votre s\u00e9curit\u00e9 passe avant tout.<\/p>\n<p>[\/vc_column_text][\/vc_column][\/vc_row][vc_row full_width=\u00a0\u00bbstretch_row_content\u00a0\u00bb][vc_column][vc_empty_space height=\u00a0\u00bb60px\u00a0\u00bb][\/vc_column][\/vc_row][vc_row full_width=\u00a0\u00bbstretch_row_content\u00a0\u00bb][vc_column width=\u00a0\u00bb1\/3&Prime; offset=\u00a0\u00bbvc_hidden-xs\u00a0\u00bb][vc_single_image image=\u00a0\u00bb17670&Prime; alignment=\u00a0\u00bbcenter\u00a0\u00bb][\/vc_column][vc_column width=\u00a0\u00bb1\/3&Prime; offset=\u00a0\u00bbvc_hidden-xs\u00a0\u00bb][vc_empty_space][vc_raw_html]JTNDcCUzRSUzQ2ElMjBocmVmJTNEJTIyaHR0cHMlM0ElMkYlMkZ3d3cudHJpcGFkdmlzb3IuY29tJTJGQXR0cmFjdGlvbl9SZXZpZXctZzMxMjc0MS1kNjEwNTcyMS1SZXZpZXdzLUJ1ZW5vc19BaXJlc19Ub3VyaW5nLUJ1ZW5vc19BaXJlc19DYXBpdGFsX0ZlZGVyYWxfRGlzdHJpY3QuaHRtbCUyMiUzRSUzQ2lmcmFtZSUyMHNyYyUzRCUyMmh0dHBzJTNBJTJGJTJGd3d3LnRyaXBhZHZpc29yLmNvbSUyRldpZGdldEVtYmVkLWNkc3Byb3BlcnR5c3VtbWFyeSUzRmxvY2F0aW9uSWQlM0Q2MTA1NzIxJTI2YW1wJTNCcGFydG5lcklkJTNERDYyODJCMkY2QTUzNDYyNzk1NjE0RjlGQ0QwNjZCMjIlMjZhbXAlM0JkaXNwbGF5JTNEdHJ1ZSUyMiUyMHdpZHRoJTNEJTIyMTAwJTI1JTIyJTIwc3R5bGUlM0QlMjJoZWlnaHQlM0ElMjAzMDBweCUyMiUyMGZyYW1lYm9yZGVyJTNEJTIyMCUyMiUzRSUzQyUyRmlmcmFtZSUzRSUzQyUyRmElM0UlM0MlMkZwJTNF[\/vc_raw_html][\/vc_column][vc_column width=\u00a0\u00bb1\/3&Prime; offset=\u00a0\u00bbvc_hidden-xs\u00a0\u00bb][vc_single_image image=\u00a0\u00bb17645&Prime; img_size=\u00a0\u00bb400&#215;400&Prime; alignment=\u00a0\u00bbcenter\u00a0\u00bb][\/vc_column][\/vc_row][vc_row full_width=\u00a0\u00bbstretch_row_content\u00a0\u00bb][vc_column width=\u00a0\u00bb1\/3&Prime; offset=\u00a0\u00bbvc_hidden-lg vc_hidden-md vc_hidden-sm vc_hidden-xs\u00a0\u00bb][vc_single_image image=\u00a0\u00bb17670&Prime; alignment=\u00a0\u00bbcenter\u00a0\u00bb][\/vc_column][vc_column width=\u00a0\u00bb1\/3&Prime; offset=\u00a0\u00bbvc_hidden-lg vc_hidden-md vc_hidden-sm\u00a0\u00bb][vc_empty_space][vc_raw_html]JTNDcCUzRSUzQ2ElMjBocmVmJTNEJTIyaHR0cHMlM0ElMkYlMkZ3d3cudHJpcGFkdmlzb3IuY29tJTJGQXR0cmFjdGlvbl9SZXZpZXctZzMxMjc0MS1kNjEwNTcyMS1SZXZpZXdzLUJ1ZW5vc19BaXJlc19Ub3VyaW5nLUJ1ZW5vc19BaXJlc19DYXBpdGFsX0ZlZGVyYWxfRGlzdHJpY3QuaHRtbCUyMiUzRSUzQ2lmcmFtZSUyMHNyYyUzRCUyMmh0dHBzJTNBJTJGJTJGd3d3LnRyaXBhZHZpc29yLmNvbSUyRldpZGdldEVtYmVkLWNkc3Byb3BlcnR5c3VtbWFyeSUzRmxvY2F0aW9uSWQlM0Q2MTA1NzIxJTI2YW1wJTNCcGFydG5lcklkJTNERDYyODJCMkY2QTUzNDYyNzk1NjE0RjlGQ0QwNjZCMjIlMjZhbXAlM0JkaXNwbGF5JTNEdHJ1ZSUyMiUyMHdpZHRoJTNEJTIyMTAwJTI1JTIyJTIwc3R5bGUlM0QlMjJoZWlnaHQlM0ElMjAzMDBweCUyMiUyMGZyYW1lYm9yZGVyJTNEJTIyMCUyMiUzRSUzQyUyRmlmcmFtZSUzRSUzQyUyRmElM0UlM0MlMkZwJTNF[\/vc_raw_html][\/vc_column][vc_column width=\u00a0\u00bb1\/3&Prime; offset=\u00a0\u00bbvc_hidden-lg vc_hidden-md vc_hidden-sm\u00a0\u00bb][vc_empty_space][vc_single_image image=\u00a0\u00bb17645&Prime; img_size=\u00a0\u00bb400&#215;400&Prime; alignment=\u00a0\u00bbcenter\u00a0\u00bb][vc_empty_space height=\u00a0\u00bb50px\u00a0\u00bb][\/vc_column][\/vc_row]<\/p>\n<\/div>","protected":false},"excerpt":{"rendered":"<p>[vc_row full_width=\u00a0\u00bbstretch_row_content\u00a0\u00bb][vc_column][vc_empty_space height=\u00a0\u00bb60px\u00a0\u00bb][\/vc_column][\/vc_row][vc_row full_width=\u00a0\u00bbstretch_row_content\u00a0\u00bb][vc_column width=\u00a0\u00bb1\/3&Prime;][\/vc_column][vc_column width=\u00a0\u00bb1\/3&Prime;][vc_empty_space height=\u00a0\u00bb80px\u00a0\u00bb][vc_cta h2=\u00a0\u00bbVOUS AVEZ BESOIN D&rsquo;UN TRANSFERT ?\u00a0\u00bb h2_font_container=\u00a0\u00bbtag:h2|font_size:18px|text_align:center|color:%2366182a\u00a0\u00bb h2_google_fonts=\u00a0\u00bbfont_family:PT%20Serif%3Aregular%2Citalic%2C700%2C700italic|font_style:700%20bold%20regular%3A700%3Anormal\u00a0\u00bb h4_font_container=\u00a0\u00bbtag:h4|text_align:left\u00a0\u00bb txt_align=\u00a0\u00bbcenter\u00a0\u00bb color=\u00a0\u00bbwhite\u00a0\u00bb add_button=\u00a0\u00bbbottom\u00a0\u00bb btn_title=\u00a0\u00bbR\u00c9SERVEZ !\u00a0\u00bb btn_shape=\u00a0\u00bbsquare\u00a0\u00bb btn_color=\u00a0\u00bbwarning\u00a0\u00bb btn_size=\u00a0\u00bblg\u00a0\u00bb btn_align=\u00a0\u00bbcenter\u00a0\u00bb btn_css_animation=\u00a0\u00bbbounceIn\u00a0\u00bb use_custom_fonts_h2=\u00a0\u00bbtrue\u00a0\u00bb use_custom_fonts_h4=\u00a0\u00bbtrue\u00a0\u00bb btn_button_block=\u00a0\u00bbtrue\u00a0\u00bb btn_link=\u00a0\u00bburl:%23reserver|title:RESERVEZ%20!\u00a0\u00bb btn_el_id=\u00a0\u00bbbuttonaction\u00a0\u00bb]Sans stress?[\/vc_cta][\/vc_column][vc_column width=\u00a0\u00bb1\/3&Prime;][\/vc_column][\/vc_row][vc_row][vc_column width=\u00a0\u00bb1\/3&Prime;][\/vc_column][vc_column width=\u00a0\u00bb1\/3&Prime;][vc_empty_space height=\u00a0\u00bb80px\u00a0\u00bb][vc_column_text css=\u00a0\u00bb.vc_custom_1629442467103{border-radius: 5px !important;}\u00a0\u00bb] Les prix sont \u00e0 titre indicatif. Ils d\u00e9pendent de la saison et s&rsquo;ils sont r\u00e9serv\u00e9s avec [&hellip;]<\/p>\n","protected":false},"author":1,"featured_media":0,"parent":0,"menu_order":0,"comment_status":"closed","ping_status":"closed","template":"template-home-modern.php","meta":{"_acf_changed":false,"_uf_show_specific_survey":0,"_uf_disable_surveys":false,"footnotes":""},"class_list":["post-18313","page","type-page","status-publish","has-post-thumbnail","hentry"],"acf":[],"amp_enabled":false,"_links":{"self":[{"href":"https:\/\/buenosairestouring.com\/fr\/wp-json\/wp\/v2\/pages\/18313","targetHints":{"allow":["GET"]}}],"collection":[{"href":"https:\/\/buenosairestouring.com\/fr\/wp-json\/wp\/v2\/pages"}],"about":[{"href":"https:\/\/buenosairestouring.com\/fr\/wp-json\/wp\/v2\/types\/page"}],"author":[{"embeddable":true,"href":"https:\/\/buenosairestouring.com\/fr\/wp-json\/wp\/v2\/users\/1"}],"replies":[{"embeddable":true,"href":"https:\/\/buenosairestouring.com\/fr\/wp-json\/wp\/v2\/comments?post=18313"}],"version-history":[{"count":10,"href":"https:\/\/buenosairestouring.com\/fr\/wp-json\/wp\/v2\/pages\/18313\/revisions"}],"predecessor-version":[{"id":22469,"href":"https:\/\/buenosairestouring.com\/fr\/wp-json\/wp\/v2\/pages\/18313\/revisions\/22469"}],"wp:attachment":[{"href":"https:\/\/buenosairestouring.com\/fr\/wp-json\/wp\/v2\/media?parent=18313"}],"curies":[{"name":"wp","href":"https:\/\/api.w.org\/{rel}","templated":true}]}}