{"id":15669,"date":"2021-03-16T12:11:26","date_gmt":"2021-03-16T15:11:26","guid":{"rendered":"https:\/\/buenosairestouring.com\/?page_id=15669"},"modified":"2025-08-29T18:27:49","modified_gmt":"2025-08-29T21:27:49","slug":"agenzie","status":"publish","type":"page","link":"https:\/\/buenosairestouring.com\/it\/agenzie\/","title":{"rendered":"AGENZIE"},"content":{"rendered":"<div class=\"wpb-content-wrapper\"><p>[vc_row][vc_column offset=&#8221;vc_hidden-xs&#8221;][vc_empty_space height=&#8221;80px&#8221;][\/vc_column][\/vc_row][vc_row][vc_column width=&#8221;1\/2&#8243; css=&#8221;.vc_custom_1615920696207{margin-bottom: 6px !important;}&#8221; offset=&#8221;vc_hidden-lg vc_hidden-md vc_hidden-sm&#8221;][vc_empty_space height=&#8221;50px&#8221;][vc_column_text]<\/p>\n<p style=\"font-size: 15px; color: #66182a; background-color: #cccccc; border: 2px solid #66182a; border-radius: 5px; padding: 5px; text-align: center;\">BUENOS AIRES \u00c8 LA DESTINAZIONE PI\u00d9 POPOLARE DELL&#8217;AMERICA LATINA!<\/p>\n<p>[\/vc_column_text][vc_empty_space][\/vc_column][vc_column width=&#8221;1\/2&#8243; offset=&#8221;vc_hidden-lg vc_hidden-md vc_hidden-sm&#8221;][vc_column_text]<\/p>\n<p style=\"font-size: 15px; color: #66182a; background-color: #cccccc; border: 2px solid #66182a; border-radius: 5px; padding: 5px; text-align: center;\">NEL PROSSIMO DECENNIO L&#8217;ARGENTINA GODER\u00c0 DI UNA FORTE CRESCITA<\/p>\n<p>[\/vc_column_text][vc_empty_space][\/vc_column][\/vc_row][vc_row][vc_column width=&#8221;1\/2&#8243; css=&#8221;.vc_custom_1620308765423{margin-bottom: 6px !important;}&#8221; offset=&#8221;vc_hidden-xs&#8221;][vc_column_text css=&#8221;&#8221;]<\/p>\n<p style=\"font-size: 17px; color: #66182a; background-color: #cccccc; border: 2px solid #66182a; border-radius: 5px; padding: 5px; text-align: center;\">BUENOS AIRES \u00c8 LA DESTINAZIONE PI\u00d9 POPOLARE DELL&#8217;AMERICA LATINA!<\/p>\n<p>[\/vc_column_text][vc_empty_space][\/vc_column][vc_column width=&#8221;1\/2&#8243; offset=&#8221;vc_hidden-xs&#8221;][vc_column_text css=&#8221;&#8221;]<\/p>\n<p style=\"font-size: 17px; color: #66182a; background-color: #cccccc; border: 2px solid #66182a; border-radius: 5px; padding: 5px; text-align: center;\">NEL PROSSIMO DECENNIO L&#8217;ARGENTINA GODER\u00c0 DI UNA FORTE CRESCITA<\/p>\n<p>[\/vc_column_text][vc_empty_space][\/vc_column][\/vc_row][vc_row][vc_column width=&#8221;1\/2&#8243;][vc_column_text css=&#8221;&#8221;]<\/p>\n<ul>\n<li style=\"font-size: 17px; color: #66182a;\">In qualit\u00e0 di agenzia di viaggi, hai un&#8217;enorme opportunit\u00e0 di assumere posizioni in Argentina, tour di mercato e trasferimenti a Buenos Aires e nel resto del paese. \u00c8 il momento giusto.<\/li>\n<\/ul>\n<p>[\/vc_column_text][vc_empty_space height=&#8221;20px&#8221;][\/vc_column][vc_column width=&#8221;1\/2&#8243;][vc_column_text css=&#8221;&#8221;]<\/p>\n<ul>\n<li style=\"font-size: 17px; color: #66182a;\">A Buenos Aires Touring, abbiamo una lunga esperienza nel ricevere ospiti da tutto il mondo, nella loro lingua, prendendoci cura di loro sin dal primo giorno, non appena arrivano in citt\u00e0<\/li>\n<\/ul>\n<p>[\/vc_column_text][\/vc_column][\/vc_row][vc_row][vc_column][vc_empty_space height=&#8221;40px&#8221;][\/vc_column][\/vc_row][vc_row][vc_column width=&#8221;1\/2&#8243;]    <div class=\"content-text padding-0 st-default\">\n        <div class=\"st-text-center\">\n            <h2 class=\"text-center   \">COSA TI PUOI ASPETTARE<\/h2>\n            <div class=\"box__separator  hidden-thumb \"><\/div>\n            <div class=\"text-center\"><\/p>\n<p>UN SISTEMA DI PRENOTAZIONE COMPLETO<\/p>\n<hr \/>\n<p>FAI PRENOTAZIONI ISTANTANEE COME AGENTE<\/p>\n<hr \/>\n<p>OTTIENI LA TUA COMMISSIONE IN UNA VOLTA<\/p>\n<hr \/>\n<p>RISPOSTA IMMEDIATA 24 ORE SU 24, PER TUTTO L&#8217;ANNO<\/p>\n<hr \/>\n<p>PREZZI PROGETTATI PER VENDERE.<\/p>\n<hr \/>\n<p>SITO PROTETTO SSL AL 100%<\/p>\n<hr \/>\n<p><\/div>\n        <\/div>\n    <\/div>\n[\/vc_column][vc_column width=&#8221;1\/2&#8243;]    <div class=\"content-text padding-0 st-default\">\n        <div class=\"st-text-center\">\n            <h2 class=\"text-center   \">COSA POSSIAMO OFFRIRE<\/h2>\n            <div class=\"box__separator  hidden-thumb \"><\/div>\n            <div class=\"text-center\"><\/p>\n<p>TOUR DELLA CITT\u00c0 E SERVIZI DI TRASFERIMENTO<\/p>\n<hr \/>\n<p>COERENZA E FLESSIBILIT\u00c0<\/p>\n<hr \/>\n<p>LOGISTICA ALTAMENTE PROFESSIONALE<\/p>\n<hr \/>\n<p>TOUR CLASSICI O PERSONALIZZATI<\/p>\n<hr \/>\n<p>GUIDE MULTILINGUE AMICHEVOLI<\/p>\n<hr \/>\n<p>ASSISTENZA COMPLETA IN LOCO 24\/7<\/p>\n<hr \/>\n<p><\/div>\n        <\/div>\n    <\/div>\n[\/vc_column][\/vc_row][vc_row][vc_column width=&#8221;1\/3&#8243;][\/vc_column][vc_column width=&#8221;1\/3&#8243;][vc_cta h2=&#8221;PRENOTA I NOSTRI TOUR&#8221; txt_align=&#8221;center&#8221; shape=&#8221;square&#8221; color=&#8221;black&#8221; add_button=&#8221;bottom&#8221; btn_title=&#8221;CONTATTACI&#8221; btn_style=&#8221;3d&#8221; btn_shape=&#8221;square&#8221; btn_color=&#8221;warning&#8221; btn_align=&#8221;center&#8221; css_animation=&#8221;bounceIn&#8221; css=&#8221;.vc_custom_1620309375511{margin-top: 20px !important;padding-top: 20px !important;padding-right: 20px !important;padding-bottom: 20px !important;padding-left: 20px !important;}&#8221; btn_link=&#8221;url:https%3A%2F%2Fbuenosairestouring.com%2Fit%2Fcontatto%2F|title:CONTATTO|target:%20_blank|&#8221;]E rendi felici i tuoi clienti![\/vc_cta][\/vc_column][vc_column width=&#8221;1\/3&#8243;][\/vc_column][\/vc_row][vc_row full_width=&#8221;stretch_row_content&#8221;][vc_column width=&#8221;1\/4&#8243;][\/vc_column][vc_column width=&#8221;1\/4&#8243; offset=&#8221;vc_hidden-xs&#8221;][vc_single_image image=&#8221;17674&#8243; alignment=&#8221;center&#8221;][\/vc_column][vc_column width=&#8221;1\/4&#8243; offset=&#8221;vc_hidden-xs&#8221;][vc_single_image image=&#8221;15683&#8243; alignment=&#8221;center&#8221;][\/vc_column][vc_column width=&#8221;1\/4&#8243;][\/vc_column][\/vc_row][vc_row css=&#8221;.vc_custom_1620309817501{margin-top: -40px !important;}&#8221;][vc_column width=&#8221;1\/4&#8243; offset=&#8221;vc_hidden-lg vc_hidden-md vc_hidden-sm&#8221; css=&#8221;.vc_custom_1620309687045{margin-top: -40px !important;}&#8221;][\/vc_column][vc_column width=&#8221;1\/4&#8243; offset=&#8221;vc_hidden-lg vc_hidden-md vc_hidden-sm&#8221; css=&#8221;.vc_custom_1620309998317{margin-top: -24px !important;}&#8221;][vc_single_image image=&#8221;17674&#8243; alignment=&#8221;center&#8221; css=&#8221;.vc_custom_1620310066973{margin-top: -24px !important;}&#8221;][vc_empty_space height=&#8221;&#8221;][\/vc_column][vc_column width=&#8221;1\/4&#8243; offset=&#8221;vc_hidden-lg vc_hidden-md vc_hidden-sm&#8221;][vc_single_image image=&#8221;15683&#8243; alignment=&#8221;center&#8221;][vc_empty_space height=&#8221;20px&#8221;][\/vc_column][vc_column width=&#8221;1\/4&#8243;][\/vc_column][\/vc_row]<\/p>\n<\/div>","protected":false},"excerpt":{"rendered":"<p>[vc_row][vc_column offset=&#8221;vc_hidden-xs&#8221;][vc_empty_space height=&#8221;80px&#8221;][\/vc_column][\/vc_row][vc_row][vc_column width=&#8221;1\/2&#8243; css=&#8221;.vc_custom_1615920696207{margin-bottom: 6px !important;}&#8221; offset=&#8221;vc_hidden-lg vc_hidden-md vc_hidden-sm&#8221;][vc_empty_space height=&#8221;50px&#8221;][vc_column_text] BUENOS AIRES \u00c8 LA DESTINAZIONE PI\u00d9 POPOLARE DELL&#8217;AMERICA LATINA! [\/vc_column_text][vc_empty_space][\/vc_column][vc_column width=&#8221;1\/2&#8243; offset=&#8221;vc_hidden-lg vc_hidden-md vc_hidden-sm&#8221;][vc_column_text] NEL PROSSIMO DECENNIO L&#8217;ARGENTINA GODER\u00c0 DI UNA FORTE CRESCITA [\/vc_column_text][vc_empty_space][\/vc_column][\/vc_row][vc_row][vc_column width=&#8221;1\/2&#8243; css=&#8221;.vc_custom_1620308765423{margin-bottom: 6px !important;}&#8221; offset=&#8221;vc_hidden-xs&#8221;][vc_column_text css=&#8221;&#8221;] BUENOS AIRES \u00c8 LA DESTINAZIONE PI\u00d9 POPOLARE DELL&#8217;AMERICA LATINA! [\/vc_column_text][vc_empty_space][\/vc_column][vc_column width=&#8221;1\/2&#8243; offset=&#8221;vc_hidden-xs&#8221;][vc_column_text css=&#8221;&#8221;] NEL [&hellip;]<\/p>\n","protected":false},"author":1,"featured_media":0,"parent":0,"menu_order":0,"comment_status":"closed","ping_status":"closed","template":"template-home-modern.php","meta":{"_acf_changed":false,"_uf_show_specific_survey":0,"_uf_disable_surveys":false,"footnotes":""},"class_list":["post-15669","page","type-page","status-publish","has-post-thumbnail","hentry"],"acf":[],"amp_enabled":false,"_links":{"self":[{"href":"https:\/\/buenosairestouring.com\/it\/wp-json\/wp\/v2\/pages\/15669","targetHints":{"allow":["GET"]}}],"collection":[{"href":"https:\/\/buenosairestouring.com\/it\/wp-json\/wp\/v2\/pages"}],"about":[{"href":"https:\/\/buenosairestouring.com\/it\/wp-json\/wp\/v2\/types\/page"}],"author":[{"embeddable":true,"href":"https:\/\/buenosairestouring.com\/it\/wp-json\/wp\/v2\/users\/1"}],"replies":[{"embeddable":true,"href":"https:\/\/buenosairestouring.com\/it\/wp-json\/wp\/v2\/comments?post=15669"}],"version-history":[{"count":10,"href":"https:\/\/buenosairestouring.com\/it\/wp-json\/wp\/v2\/pages\/15669\/revisions"}],"predecessor-version":[{"id":23681,"href":"https:\/\/buenosairestouring.com\/it\/wp-json\/wp\/v2\/pages\/15669\/revisions\/23681"}],"wp:attachment":[{"href":"https:\/\/buenosairestouring.com\/it\/wp-json\/wp\/v2\/media?parent=15669"}],"curies":[{"name":"wp","href":"https:\/\/api.w.org\/{rel}","templated":true}]}}